{"id":8,"date":"2023-01-14T17:28:56","date_gmt":"2023-01-14T17:28:56","guid":{"rendered":"https:\/\/validthemes.net\/themeforest\/wp\/consua\/?page_id=8"},"modified":"2025-04-30T21:41:05","modified_gmt":"2025-04-30T20:41:05","slug":"logisupply-solutions-2","status":"publish","type":"page","link":"https:\/\/logisupplysolutions.com\/turkce\/","title":{"rendered":"logISupply Solutions"},"content":{"rendered":"\t\t<div data-elementor-type=\"wp-page\" data-elementor-id=\"8\" class=\"elementor elementor-8\">\n\t\t\t\t\t\t<section class=\"elementor-section elementor-top-section elementor-element elementor-element-cbbbaef elementor-section-full_width elementor-section-height-default elementor-section-height-default\" data-id=\"cbbbaef\" data-element_type=\"section\">\n\t\t\t\t\t\t<div class=\"elementor-container elementor-column-gap-no\">\n\t\t\t\t\t<div class=\"elementor-column elementor-col-100 elementor-top-column elementor-element elementor-element-039cdda\" data-id=\"039cdda\" data-element_type=\"column\">\n\t\t\t<div class=\"elementor-widget-wrap elementor-element-populated\">\n\t\t\t\t\t\t<div class=\"elementor-element elementor-element-df61754 elementor-widget elementor-widget-consua_choose_us\" data-id=\"df61754\" data-element_type=\"widget\" data-widget_type=\"consua_choose_us.default\">\n\t\t\t\t<div class=\"elementor-widget-container\">\n\t\t\t    <!-- Start Why Choose Us\r\n    ============================================= -->\r\n    <div class=\"choose-us-style-one-area default-padding text-light\">\r\n        <div class=\"cover-bg\" style=\"background-image: url(https:\/\/logisupplysolutions.com\/turkce\/wp-content\/uploads\/2024\/06\/banner.jpg);\"><\/div>\r\n        \t        <div class=\"shape-left-top\">\r\n\t            <img decoding=\"async\" src=\"https:\/\/validthemes.net\/themeforest\/wp\/consua\/wp-content\/uploads\/2023\/05\/17.png\" alt=\"logISupply%20Solutions\"  \/>\t        <\/div>\r\n    \t                \t<div class=\"text-invisible\">logISupply<\/div>\r\n                <div class=\"container\">\r\n            <div class=\"row\">\r\n                <div class=\"col-lg-6 pr-80 pr-md-15 pr-xs-15\">\r\n                    <div class=\"choose-us-style-one\">\r\n                    \t                        \t<h2 class=\"title mb-35\">\u0130\u015f s\u00fcre\u00e7lerinizi daha verimli y\u00f6netmenize, geli\u015ftirmenize ve ak\u0131c\u0131 hale getirmenize yard\u0131m ediyoruz.\n<\/h2>\r\n                    \t                        <ul class=\"list-item\">\r\n\t\t\t\t\t\t\t\t                            <li class=\"wow fadeInUp\">\r\n\t                            \t\t                                \t<h4>Lojistik ve Tedarik Zinciri Dan\u0131\u015fmanl\u0131\u011f\u0131<\/h4>\r\n\t                            \t\t                            \t\t\t                                <p>\r\n\t\t                                   \u0130\u015fletmelerin maliyetlerini d\u00fc\u015f\u00fcrmelerine ve verimlili\u011fi art\u0131rmalar\u0131na yard\u0131mc\u0131 olmak i\u00e7in 3PL &amp; 4PL Se\u00e7imi, D\u0131\u015f Kaynak Kullan\u0131m\u0131, Stok Y\u00f6netimi, Depo Tasar\u0131m Optimizasyonu, Ta\u015f\u0131ma A\u011f\u0131 Optimizasyonu, Tedarik Zinciri Y\u00f6netimi ve Tedarik Planlamas\u0131 konular\u0131nda uzman dan\u0131\u015fmanl\u0131k hizmeti veriyoruz.\t\t                                <\/p>\r\n\t                                \t                            <\/li>\r\n                         \t                        <\/ul>\r\n                    <\/div>\r\n                <\/div>\r\n            <\/div>\r\n        <\/div>\r\n    <\/div>\r\n    <!-- End Why Choose Us -->\r\n    \t\t<\/div>\n\t\t\t\t<\/div>\n\t\t\t\t\t<\/div>\n\t\t<\/div>\n\t\t\t\t\t<\/div>\n\t\t<\/section>\n\t\t\t\t<section class=\"elementor-section elementor-top-section elementor-element elementor-element-ae673ec elementor-section-full_width elementor-section-height-default elementor-section-height-default\" data-id=\"ae673ec\" data-element_type=\"section\">\n\t\t\t\t\t\t<div class=\"elementor-container elementor-column-gap-no\">\n\t\t\t\t\t<div class=\"elementor-column elementor-col-100 elementor-top-column elementor-element elementor-element-e7f1be7\" data-id=\"e7f1be7\" data-element_type=\"column\">\n\t\t\t<div class=\"elementor-widget-wrap elementor-element-populated\">\n\t\t\t\t\t\t<div class=\"elementor-element elementor-element-54246b5 elementor-widget elementor-widget-consua_about_content\" data-id=\"54246b5\" data-element_type=\"widget\" data-widget_type=\"consua_about_content.default\">\n\t\t\t\t<div class=\"elementor-widget-container\">\n\t\t\t\r\n\t<!-- Start About Style One\r\n    ============================================= -->\r\n    <div class=\"about-style-one-area default-padding\">\r\n        <div class=\"shape-animated-left\">\r\n        \t            \t<img decoding=\"async\" src=\"https:\/\/validthemes.net\/themeforest\/wp\/consua\/wp-content\/uploads\/2023\/08\/anim-1.png\" alt=\"logISupply Solutions\">\r\n                                <\/div>\r\n        <div class=\"container\">\r\n            <div class=\"row align-center\">\r\n                <div class=\"about-style-one col-xl-6 col-lg-5\">\r\n                    <div class=\"h4 sub-heading\"><\/div>\r\n                    <h2 class=\"title mb-25\">logISupply Solutions<\/h2>\r\n                    <p>\r\n                       <h5>Hakk\u0131m\u0131zda<\/h5>\nBiz \u0130dil ve Selen; Tedarik Zinciri ve Lojistik Y\u00f6netimi konusundaki profesyonel tecr\u00fcbelerimizi, sizlerin s\u00fcre\u00e7lerini daha verimli y\u00f6netebilmeniz, iyile\u015ftirmeniz ve kolayla\u015ft\u0131rman\u0131z i\u00e7in \u00e7\u00f6z\u00fcm \u00f6nerilerimizi sunmak \u00fczere logISupply Solutions \u00e7at\u0131s\u0131 alt\u0131nda bir araya geldik.                     <\/p>\r\n                    <div class=\"owner-info\">\r\n                    \t\t                        <div class=\"left-info\">\r\n\t                        \t<h4>\u0130dil &amp; Selen<\/h4>\n<span>Founders<\/span>\t                        <\/div>\r\n                    \t                                            <\/div>\r\n                <\/div>\r\n                <div class=\"about-style-one col-xl-5 offset-xl-1 col-lg-6 offset-lg-1\">\r\n                    <div class=\"about-thumb\">\r\n                        <img decoding=\"async\" class=\"wow fadeInRight\" src=\"https:\/\/logisupplysolutions.com\/turkce\/wp-content\/uploads\/2024\/07\/business-team-checking-stickers-with-ideas-2023-11-27-05-13-58-utc.jpg\" alt=\"logISupply Solutions\">\r\n                        <div class=\"about-card wow fadeInUp\" data-wow-delay=\"500ms\">\r\n                            <ul>\r\n                            \t                                \r\n                            <\/ul>\r\n                        <\/div>\r\n                        <div class=\"thumb-shape-bottom wow fadeInDown\" data-wow-delay=\"300ms\">\r\n                        \t                           \t\t<img decoding=\"async\" src=\"https:\/\/validthemes.net\/themeforest\/wp\/consua\/wp-content\/uploads\/2023\/08\/anim-3.png\" alt=\"logISupply Solutions\">\r\n                       \t\t                       \t\t            \t\t\t\t\t<img decoding=\"async\" src=\"https:\/\/validthemes.net\/themeforest\/wp\/consua\/wp-content\/uploads\/2023\/08\/anim-4.png\" alt=\"logISupply Solutions\">\r\n            \t\t\t\t                        <\/div>\r\n                    <\/div>\r\n                <\/div>\r\n            <\/div>\r\n        <\/div>\r\n    <\/div>\r\n    <!-- End  About Style One -->\r\n\r\n\t\t\t<\/div>\n\t\t\t\t<\/div>\n\t\t\t\t\t<\/div>\n\t\t<\/div>\n\t\t\t\t\t<\/div>\n\t\t<\/section>\n\t\t<div class=\"elementor-element elementor-element-a5619fc e-flex e-con-boxed e-con e-parent\" data-id=\"a5619fc\" data-element_type=\"container\">\n\t\t\t\t\t<div class=\"e-con-inner\">\n\t\t\t\t\t<\/div>\n\t\t\t\t<\/div>\n\t\t\t\t<section class=\"elementor-section elementor-top-section elementor-element elementor-element-5628d3f elementor-section-full_width elementor-section-stretched elementor-section-height-default elementor-section-height-default\" data-id=\"5628d3f\" data-element_type=\"section\" data-settings=\"{&quot;stretch_section&quot;:&quot;section-stretched&quot;}\">\n\t\t\t\t\t\t<div class=\"elementor-container elementor-column-gap-no\">\n\t\t\t\t\t<div class=\"elementor-column elementor-col-100 elementor-top-column elementor-element elementor-element-c6ef44b\" data-id=\"c6ef44b\" data-element_type=\"column\">\n\t\t\t<div class=\"elementor-widget-wrap elementor-element-populated\">\n\t\t\t\t\t\t<div class=\"elementor-element elementor-element-40af347 elementor-widget elementor-widget-consua_service\" data-id=\"40af347\" data-element_type=\"widget\" data-widget_type=\"consua_service.default\">\n\t\t\t\t<div class=\"elementor-widget-container\">\n\t\t\t\r\n\t<div class=\"row\">\r\n\r\n\t\t\t        <!-- Single Item -->\r\n\t        <div class=\"col-lg-6 col-md-6 mt-60 mt-md-30 mt-xs-30\">\r\n\t            <div class=\"services-style-one\">\r\n\t                                        <i class=\"flaticon-career\"><\/i>\r\n\t                                                            \t                <h4><a href=\"https:\/\/logisupplysolutions.com\/turkce\/3pl-and-4pl-outsourcing\/\">3PL ve 4PL Tedarik\u00e7i Se\u00e7imi<\/a><\/h4>\r\n\t                <p>\r\n\t                    \t                <\/p>\r\n\t            <\/div>\r\n\t        <\/div>\r\n\t        <!-- End Single Item -->\r\n       \t\t        <!-- Single Item -->\r\n\t        <div class=\"col-lg-6 col-md-6 mt-60 mt-md-30 mt-xs-30\">\r\n\t            <div class=\"services-style-one\">\r\n\t                                                            <img decoding=\"async\" src=\"https:\/\/logisupplysolutions.com\/turkce\/wp-content\/uploads\/2023\/08\/1qr-e1720301962780.jpg\" alt=\"logISupply Solutions\">\r\n                                        \t                <h4><a href=\"https:\/\/logisupplysolutions.com\/turkce\/pharmaceutical-serialization\/\">\u0130la\u00e7 Karekodlama<\/a><\/h4>\r\n\t                <p>\r\n\t                    \t                <\/p>\r\n\t            <\/div>\r\n\t        <\/div>\r\n\t        <!-- End Single Item -->\r\n       \t\t        <!-- Single Item -->\r\n\t        <div class=\"col-lg-6 col-md-6 mt-60 mt-md-30 mt-xs-30\">\r\n\t            <div class=\"services-style-one\">\r\n\t                                        <i class=\"flaticon-business-idea\"><\/i>\r\n\t                                                            \t                <h4><a href=\"https:\/\/logisupplysolutions.com\/turkce\/warehouse-design-and-layouts\/\">Depo Tasar\u0131m\u0131 ve D\u00fczenlemeleri<\/a><\/h4>\r\n\t                <p>\r\n\t                    \t                <\/p>\r\n\t            <\/div>\r\n\t        <\/div>\r\n\t        <!-- End Single Item -->\r\n       \t\t        <!-- Single Item -->\r\n\t        <div class=\"col-lg-6 col-md-6 mt-60 mt-md-30 mt-xs-30\">\r\n\t            <div class=\"services-style-one\">\r\n\t                                        <i class=\"flaticon-global\"><\/i>\r\n\t                                                            \t                <h4><a href=\"https:\/\/logisupplysolutions.com\/turkce\/transport-management-and-logistics-network\/\">Ta\u015f\u0131ma Y\u00f6netimi ve Lojistik A\u011f\u0131<\/a><\/h4>\r\n\t                <p>\r\n\t                    \t                <\/p>\r\n\t            <\/div>\r\n\t        <\/div>\r\n\t        <!-- End Single Item -->\r\n       \t\t        <!-- Single Item -->\r\n\t        <div class=\"col-lg-6 col-md-6 mt-60 mt-md-30 mt-xs-30\">\r\n\t            <div class=\"services-style-one\">\r\n\t                                        <i class=\"flaticon-objective\"><\/i>\r\n\t                                                            \t                <h4><a href=\"https:\/\/logisupplysolutions.com\/turkce\/inventory-management-and-demand-planning\/\">Envanter Y\u00f6netimi ve Talep Planlama<\/a><\/h4>\r\n\t                <p>\r\n\t                    \t                <\/p>\r\n\t            <\/div>\r\n\t        <\/div>\r\n\t        <!-- End Single Item -->\r\n       \t\t        <!-- Single Item -->\r\n\t        <div class=\"col-lg-6 col-md-6 mt-60 mt-md-30 mt-xs-30\">\r\n\t            <div class=\"services-style-one\">\r\n\t                                        <i class=\"flaticon-business-strategy\"><\/i>\r\n\t                                                            \t                <h4><a href=\"https:\/\/logisupplysolutions.com\/turkce\/supply-chain-risk-management\/\">Tedarik Zinciri Risk Y\u00f6netimi<\/a><\/h4>\r\n\t                <p>\r\n\t                    \t                <\/p>\r\n\t            <\/div>\r\n\t        <\/div>\r\n\t        <!-- End Single Item -->\r\n       \t\t        <!-- Single Item -->\r\n\t        <div class=\"col-lg-6 col-md-6 mt-60 mt-md-30 mt-xs-30\">\r\n\t            <div class=\"services-style-one\">\r\n\t                                        <i class=\"flaticon-organization\"><\/i>\r\n\t                                                            \t                <h4><a href=\"https:\/\/logisupplysolutions.com\/turkce\/robotik-surec-otomasyonu-rpa\/\">Robotik S\u00fcre\u00e7 Otomasyonu (RPA)<\/a><\/h4>\r\n\t                <p>\r\n\t                    \t                <\/p>\r\n\t            <\/div>\r\n\t        <\/div>\r\n\t        <!-- End Single Item -->\r\n       \t \r\n    <\/div>\t\r\n\r\n    \t\t<\/div>\n\t\t\t\t<\/div>\n\t\t\t\t\t<\/div>\n\t\t<\/div>\n\t\t\t\t\t<\/div>\n\t\t<\/section>\n\t\t\t\t<section class=\"elementor-section elementor-top-section elementor-element elementor-element-0509b73 elementor-section-full_width bg-gray elementor-section-height-default elementor-section-height-default\" data-id=\"0509b73\" data-element_type=\"section\">\n\t\t\t\t\t\t<div class=\"elementor-container elementor-column-gap-no\">\n\t\t\t\t\t<div class=\"elementor-column elementor-col-100 elementor-top-column elementor-element elementor-element-eac3f34\" data-id=\"eac3f34\" data-element_type=\"column\">\n\t\t\t<div class=\"elementor-widget-wrap elementor-element-populated\">\n\t\t\t\t\t\t<div class=\"elementor-element elementor-element-c59e846 elementor-widget elementor-widget-consua_blog\" data-id=\"c59e846\" data-element_type=\"widget\" data-widget_type=\"consua_blog.default\">\n\t\t\t\t<div class=\"elementor-widget-container\">\n\t\t\t    <!-- Start Blog Area\r\n    ============================================= -->\r\n    <div class=\"home-blog-area default-padding bottom-less\">\r\n        \t        <div class=\"container\">\r\n\t            <div class=\"row\">\r\n\t                <div class=\"col-lg-8 offset-lg-2\">\r\n\t                    <div class=\"site-heading text-center\">\r\n\t                       \t<h4 class=\"sub-heading\">Blog<\/h4>\r\n\t                        <h2 class=\"title\">Geli\u015fmeler &amp; Haberler<\/h2>\r\n\t                        <div class=\"devider\"><\/div>\r\n\t                    <\/div>\r\n\t                <\/div>\r\n\t            <\/div>\r\n\t        <\/div>\r\n    \t        <div class=\"container\">\r\n            <div class=\"row\">\r\n            \t            <\/div>\r\n        <\/div>\r\n    <\/div>\r\n    <!-- End Blog Area -->\r\n\r\n\t\t\t<\/div>\n\t\t\t\t<\/div>\n\t\t\t\t\t<\/div>\n\t\t<\/div>\n\t\t\t\t\t<\/div>\n\t\t<\/section>\n\t\t\t\t<\/div>\n\t\t","protected":false},"excerpt":{"rendered":"<p>logISupply \u0130\u015f s\u00fcre\u00e7lerinizi daha verimli y\u00f6netmenize, geli\u015ftirmenize ve ak\u0131c\u0131 hale getirmenize yard\u0131m ediyoruz. Lojistik ve Tedarik Zinciri Dan\u0131\u015fmanl\u0131\u011f\u0131 \u0130\u015fletmelerin maliyetlerini d\u00fc\u015f\u00fcrmelerine ve verimlili\u011fi art\u0131rmalar\u0131na yard\u0131mc\u0131 olmak i\u00e7in 3PL &amp; 4PL Se\u00e7imi, D\u0131\u015f Kaynak Kullan\u0131m\u0131, Stok Y\u00f6netimi, Depo Tasar\u0131m Optimizasyonu, Ta\u015f\u0131ma A\u011f\u0131 Optimizasyonu, Tedarik Zinciri Y\u00f6netimi ve Tedarik Planlamas\u0131 konular\u0131nda uzman dan\u0131\u015fmanl\u0131k hizmeti veriyoruz. logISupply Solutions&#8230;<\/p>\n","protected":false},"author":1,"featured_media":0,"parent":0,"menu_order":0,"comment_status":"closed","ping_status":"closed","template":"elementor_header_footer","meta":{"_monsterinsights_skip_tracking":false,"_monsterinsights_sitenote_active":false,"_monsterinsights_sitenote_note":"","_monsterinsights_sitenote_category":0,"footnotes":""},"class_list":["post-8","page","type-page","status-publish","hentry"],"aioseo_notices":[],"_links":{"self":[{"href":"https:\/\/logisupplysolutions.com\/turkce\/wp-json\/wp\/v2\/pages\/8","targetHints":{"allow":["GET"]}}],"collection":[{"href":"https:\/\/logisupplysolutions.com\/turkce\/wp-json\/wp\/v2\/pages"}],"about":[{"href":"https:\/\/logisupplysolutions.com\/turkce\/wp-json\/wp\/v2\/types\/page"}],"author":[{"embeddable":true,"href":"https:\/\/logisupplysolutions.com\/turkce\/wp-json\/wp\/v2\/users\/1"}],"replies":[{"embeddable":true,"href":"https:\/\/logisupplysolutions.com\/turkce\/wp-json\/wp\/v2\/comments?post=8"}],"version-history":[{"count":80,"href":"https:\/\/logisupplysolutions.com\/turkce\/wp-json\/wp\/v2\/pages\/8\/revisions"}],"predecessor-version":[{"id":3129,"href":"https:\/\/logisupplysolutions.com\/turkce\/wp-json\/wp\/v2\/pages\/8\/revisions\/3129"}],"wp:attachment":[{"href":"https:\/\/logisupplysolutions.com\/turkce\/wp-json\/wp\/v2\/media?parent=8"}],"curies":[{"name":"wp","href":"https:\/\/api.w.org\/{rel}","templated":true}]}}