{"id":2747,"date":"2024-07-08T17:36:23","date_gmt":"2024-07-08T16:36:23","guid":{"rendered":"https:\/\/logisupplysolutions.com\/turkce\/?page_id=2747"},"modified":"2024-09-11T22:22:53","modified_gmt":"2024-09-11T21:22:53","slug":"supply-chain-risk-management","status":"publish","type":"page","link":"https:\/\/logisupplysolutions.com\/turkce\/supply-chain-risk-management\/","title":{"rendered":"Tedarik Zinciri Risk Y\u00f6netimi"},"content":{"rendered":"\t\t<div data-elementor-type=\"wp-page\" data-elementor-id=\"2747\" class=\"elementor elementor-2747\">\n\t\t\t\t<div class=\"elementor-element elementor-element-1aa79d4 e-con-full e-flex e-con e-parent\" data-id=\"1aa79d4\" data-element_type=\"container\">\n\t\t\t\t<div class=\"elementor-element elementor-element-42d5f0b elementor-widget elementor-widget-html\" data-id=\"42d5f0b\" data-element_type=\"widget\" data-widget_type=\"html.default\">\n\t\t\t\t<div class=\"elementor-widget-container\">\n\t\t\t<div style=\"padding:56.25% 0 0 0;position:relative;\"><iframe src=\"https:\/\/player.vimeo.com\/video\/1008597968?badge=0&amp;autopause=0&amp;player_id=0&amp;app_id=58479\" frameborder=\"0\" allow=\"autoplay; fullscreen; picture-in-picture; clipboard-write\" style=\"position:absolute;top:0;left:0;width:100%;height:100%;\" title=\"Selen-tedarik risk yonetimi\"><\/iframe><\/div><script src=\"https:\/\/player.vimeo.com\/api\/player.js\"><\/script>\t\t<\/div>\n\t\t\t\t<\/div>\n\t\t\t\t<\/div>\n\t\t<div class=\"elementor-element elementor-element-149c18f9 e-flex e-con-boxed e-con e-parent\" data-id=\"149c18f9\" data-element_type=\"container\">\n\t\t\t\t\t<div class=\"e-con-inner\">\n\t\t\t\t<div class=\"elementor-element elementor-element-568c50ee elementor-widget elementor-widget-text-editor\" data-id=\"568c50ee\" data-element_type=\"widget\" data-widget_type=\"text-editor.default\">\n\t\t\t\t<div class=\"elementor-widget-container\">\n\t\t\t<style>\/*! elementor - v3.22.0 - 26-06-2024 *\/\n.elementor-widget-text-editor.elementor-drop-cap-view-stacked .elementor-drop-cap{background-color:#69727d;color:#fff}.elementor-widget-text-editor.elementor-drop-cap-view-framed .elementor-drop-cap{color:#69727d;border:3px solid;background-color:transparent}.elementor-widget-text-editor:not(.elementor-drop-cap-view-default) .elementor-drop-cap{margin-top:8px}.elementor-widget-text-editor:not(.elementor-drop-cap-view-default) .elementor-drop-cap-letter{width:1em;height:1em}.elementor-widget-text-editor .elementor-drop-cap{float:left;text-align:center;line-height:1;font-size:50px}.elementor-widget-text-editor .elementor-drop-cap-letter{display:inline-block}<\/style>\t\t\t\t<!-- wp:image {\"id\":2813,\"width\":\"407px\",\"height\":\"auto\",\"sizeSlug\":\"large\",\"linkDestination\":\"none\",\"align\":\"right\"} -->\n<figure class=\"wp-block-image alignright size-large is-resized\"><img fetchpriority=\"high\" decoding=\"async\" width=\"1024\" height=\"576\" class=\"wp-image-2813\" style=\"width: 407px; height: auto;\" src=\"https:\/\/logisupplysolutions.com\/turkce\/wp-content\/uploads\/2024\/07\/vlcsnap-2024-07-09-21h47m08s190-1024x576.jpg\" alt=\"\" srcset=\"https:\/\/logisupplysolutions.com\/turkce\/wp-content\/uploads\/2024\/07\/vlcsnap-2024-07-09-21h47m08s190-1024x576.jpg 1024w, https:\/\/logisupplysolutions.com\/turkce\/wp-content\/uploads\/2024\/07\/vlcsnap-2024-07-09-21h47m08s190-300x169.jpg 300w, https:\/\/logisupplysolutions.com\/turkce\/wp-content\/uploads\/2024\/07\/vlcsnap-2024-07-09-21h47m08s190-768x432.jpg 768w, https:\/\/logisupplysolutions.com\/turkce\/wp-content\/uploads\/2024\/07\/vlcsnap-2024-07-09-21h47m08s190-1536x864.jpg 1536w, https:\/\/logisupplysolutions.com\/turkce\/wp-content\/uploads\/2024\/07\/vlcsnap-2024-07-09-21h47m08s190-600x338.jpg 600w, https:\/\/logisupplysolutions.com\/turkce\/wp-content\/uploads\/2024\/07\/vlcsnap-2024-07-09-21h47m08s190.jpg 1920w\" sizes=\"(max-width: 1024px) 100vw, 1024px\" \/><\/figure>\n<!-- \/wp:image --><!-- wp:paragraph -->\n<p><strong>Tedarik Zinciri Risk Y\u00f6netiminde Yol Almak<\/strong><\/p>\n<p>logISupply Solutions\u2019da, 15 y\u0131l\u0131 a\u015fk\u0131n uzmanl\u0131kla tedarik zinciri ve lojistik konusunda uzman dan\u0131\u015fmanlar olarak deneyimliyiz. Ola\u011fan\u00fcst\u00fc ba\u015far\u0131m\u0131z ve y\u00fcksek tekrar i\u015f oran\u0131m\u0131z, tedarik zinciri risk y\u00f6netimindeki uzmanl\u0131\u011f\u0131m\u0131z\u0131 vurgulamaktad\u0131r.<\/p>\n<p>Tedarik zinciri riskini de\u011ferlendirmek, strateji ve a\u011f de\u011ferlendirmelerimizin her zaman temel bir par\u00e7as\u0131 olmu\u015ftur. COVID-19 pandemisi, Ukrayna \u00e7at\u0131\u015fmas\u0131 ve a\u015f\u0131r\u0131 hava ko\u015fullar\u0131 gibi olaylarla daha da karma\u015f\u0131k hale gelen g\u00fcn\u00fcm\u00fcz\u00fcn \u00f6ng\u00f6r\u00fclemez d\u00fcnyas\u0131nda, i\u015fletmelerin etkin ve verimli tedarik zinciri risk y\u00f6netimine \u00f6ncelik vermesi gerekmektedir. Bu, deneyimli dan\u0131\u015fmanlar\u0131n uzman bilgisini gerektirir.<\/p>\n<p>\u0130\u015fletmeler, gelecekteki performanslar\u0131n\u0131 korumak i\u00e7in tedarik zinciri dayan\u0131kl\u0131l\u0131\u011f\u0131n\u0131 art\u0131rmal\u0131 ve gelecekteki kesintileri y\u00f6netme yeteneklerini geli\u015ftirmelidir. Amac\u0131m\u0131z sadece riski azaltmak de\u011fil, ayn\u0131 zamanda zorluklara etkili bir \u015fekilde yan\u0131t vererek rekabet avantaj\u0131 yaratmakt\u0131r.<\/p>\n<p>\u0130lk ad\u0131m, kapsaml\u0131 bir risk de\u011ferlendirmesi ile mevcut tedarik zinciri risklerinizi belirlemek ve azaltmakt\u0131r.<\/p>\n<p><strong>Tedarik Zinciri Risk De\u011ferlendirmesini Anlamak<\/strong><\/p>\n<p>Tedarik zinciri riski, \u00f6zellikle yal\u0131n lojistik ilkelerine dayanan otomotiv gibi sekt\u00f6rlerde y\u0131llard\u0131r bir endi\u015fe kayna\u011f\u0131 olmu\u015ftur. Bu sistemler, kesintilere kar\u015f\u0131 do\u011fas\u0131 gere\u011fi daha hassast\u0131r. Ancak, bir\u00e7ok i\u015fletme, b\u00fcy\u00fck bir kesinti meydana gelene kadar tedarik zinciri riskini yeterince ciddiye almam\u0131\u015ft\u0131r.<\/p>\n<p>Tedarik zinciri riskleri \u00e7e\u015fitli \u015fekillerde ortaya \u00e7\u0131kabilir. Risk tan\u0131mlamas\u0131 \u015fu \u015fekilde kategorize edilebilir:<\/p>\n<ul>\n<li>A\u011f Riskleri: Tedarik\u00e7i kaynakl\u0131 sorunlar, BT kesintileri, lojistik sa\u011flay\u0131c\u0131lar\u0131ndaki grevler, do\u011fal afetler ve ani talep art\u0131\u015flar\u0131.<\/li>\n<li>Kurumsal Riskler: Departman kaynakl\u0131 sorunlar, kilit personelin hastal\u0131\u011f\u0131, ilgili verilerin eksikli\u011fi, zay\u0131f bilgi payla\u015f\u0131m\u0131 ve erken uyar\u0131 sistemlerinin yoklu\u011fu.<\/li>\n<li>\u0130\u015f Ortam\u0131 Riskleri: Ekonomik durgunluklar, ticaret anla\u015fmazl\u0131klar\u0131 ve rakiplere pazar pay\u0131 kayb\u0131.<\/li>\n<\/ul>\n<p>COVID-19 s\u0131ras\u0131nda g\u00f6r\u00fcld\u00fc\u011f\u00fc gibi, t\u00fcm bu \u00fc\u00e7 risk alan\u0131 ayn\u0131 anda etkilendi\u011finde, etkiler derin olur. Brexit sonras\u0131 s\u0131n\u0131rl\u0131 do\u011frudan AB etkile\u015fimi olan \u0130ngiltere merkezli \u015firketler bile \u00f6nemli zorluklarla kar\u015f\u0131la\u015ft\u0131 ve bu, sa\u011flam bir tedarik zincirinin \u00f6nemini vurgulad\u0131.<\/p>\n<p>Tedarik zincirinde tek bir aksakl\u0131k, m\u00fc\u015fteri ihtiya\u00e7lar\u0131n\u0131n kar\u015f\u0131lanmas\u0131n\u0131 engelleyebilir. Etkili risk de\u011ferlendirmesi ve olas\u0131l\u0131k planlamas\u0131, t\u00fcm kesintileri \u00f6nleyemez ancak etkilerini \u00f6nemli \u00f6l\u00e7\u00fcde azaltabilir ve toparlanmaya yard\u0131mc\u0131 olabilir.<\/p>\n<p><strong>Etkili Tedarik Zinciri Risk Y\u00f6netiminin Temel \u0130lkeleri<\/strong><\/p>\n<p>Sa\u011flam tedarik zinciri risk y\u00f6netiminin temelleri \u015funlard\u0131r:<\/p>\n<ol>\n<li>Kapsaml\u0131 G\u00f6r\u00fcn\u00fcrl\u00fck: Tedarik zincirinizin yaln\u0131zca ge\u00e7mi\u015fe y\u00f6nelik de\u011fil, ger\u00e7ek zamanl\u0131 g\u00f6r\u00fcn\u00fcrl\u00fc\u011f\u00fcn\u00fc sa\u011flamak.<\/li>\n<li>Risk Anlama ve De\u011ferlendirme Ara\u00e7lar\u0131: Tedarik zinciri risklerini anlamak ve de\u011ferlendirmek i\u00e7in ara\u00e7lar\u0131n kullan\u0131lmas\u0131.<\/li>\n<li>Planl\u0131 Eylemler: Tedarik zinciri risklerini s\u0131n\u0131rlamak i\u00e7in sistematik eylemlerin uygulanmas\u0131.<\/li>\n<li>Acil Durum Planlamas\u0131: B\u00fcy\u00fck kesintiler i\u00e7in g\u00fcncel, amaca uygun acil durum planlar\u0131n olu\u015fturulmas\u0131.<\/li>\n<\/ol>\n<p><strong>Tedarik Zinciri Risk De\u011ferlendirme Stratejileri<\/strong><\/p>\n<p>logISupply Solutions, tedarik zinciri risk de\u011ferlendirmelerinde a\u015fa\u011f\u0131daki ad\u0131mlar\u0131 s\u0131ras\u0131yla izleyen yap\u0131land\u0131r\u0131lm\u0131\u015f bir yakla\u015f\u0131m kullan\u0131r:<\/p>\n<ol>\n<li>Risk Tan\u0131mlama<\/li>\n<li>Risk De\u011ferlendirme<\/li>\n<li>Risk Azaltma Planlamas\u0131<\/li>\n<li>S\u00fcrekli Risk \u0130zleme<\/li>\n<\/ol>\n<p>Bu unsurlar\u0131 birle\u015ftirerek, tedarik zinciri y\u00f6neticileri i\u00e7in risk fark\u0131ndal\u0131\u011f\u0131n\u0131 ve kontrol\u00fcn\u00fc art\u0131ran kapsaml\u0131 bir risk y\u00f6netim program\u0131 olu\u015fturur.<\/p>\n<p><strong>Risk De\u011ferlendirilmi\u015f Bir Tedarik Zincirinin Faydalar\u0131<\/strong><\/p>\n<p>Kapsaml\u0131 bir risk de\u011ferlendirmesi, kurulu\u015funuzun risk seviyelerinin ba\u011f\u0131ms\u0131z bir incelemesini sa\u011flar, gizli riskleri ortaya \u00e7\u0131kar\u0131r, bilinen riskleri azalt\u0131r ve sa\u011flam acil durum planlar\u0131n\u0131 sa\u011flar. Ayr\u0131ca s\u00fcrekli risk izleme ve yan\u0131t i\u00e7in net \u00f6neriler sunar.<\/p>\n<p>Bu hizmetleri hem yerel hem de k\u00fcresel tedarik zincirleri i\u00e7in sunuyoruz. Bu s\u00fcre\u00e7, i\u015f dayan\u0131kl\u0131l\u0131\u011f\u0131n\u0131, s\u00fcreklili\u011fini ve rekabet avantaj\u0131n\u0131 art\u0131r\u0131r.<\/p>\n<!-- \/wp:paragraph -->\t\t\t\t\t\t<\/div>\n\t\t\t\t<\/div>\n\t\t\t\t\t<\/div>\n\t\t\t\t<\/div>\n\t\t\t\t<\/div>\n\t\t","protected":false},"excerpt":{"rendered":"<p>Tedarik Zinciri Risk Y\u00f6netiminde Yol Almak logISupply Solutions\u2019da, 15 y\u0131l\u0131 a\u015fk\u0131n uzmanl\u0131kla tedarik zinciri ve lojistik konusunda uzman dan\u0131\u015fmanlar olarak deneyimliyiz. Ola\u011fan\u00fcst\u00fc ba\u015far\u0131m\u0131z ve y\u00fcksek tekrar i\u015f oran\u0131m\u0131z, tedarik zinciri risk y\u00f6netimindeki uzmanl\u0131\u011f\u0131m\u0131z\u0131 vurgulamaktad\u0131r. Tedarik zinciri riskini de\u011ferlendirmek, strateji ve a\u011f de\u011ferlendirmelerimizin her zaman temel bir par\u00e7as\u0131 olmu\u015ftur. COVID-19 pandemisi, Ukrayna \u00e7at\u0131\u015fmas\u0131 ve a\u015f\u0131r\u0131 hava&#8230;<\/p>\n","protected":false},"author":1,"featured_media":0,"parent":0,"menu_order":0,"comment_status":"closed","ping_status":"closed","template":"elementor_theme","meta":{"_monsterinsights_skip_tracking":false,"_monsterinsights_sitenote_active":false,"_monsterinsights_sitenote_note":"","_monsterinsights_sitenote_category":0,"footnotes":""},"class_list":["post-2747","page","type-page","status-publish","hentry"],"aioseo_notices":[],"_links":{"self":[{"href":"https:\/\/logisupplysolutions.com\/turkce\/wp-json\/wp\/v2\/pages\/2747","targetHints":{"allow":["GET"]}}],"collection":[{"href":"https:\/\/logisupplysolutions.com\/turkce\/wp-json\/wp\/v2\/pages"}],"about":[{"href":"https:\/\/logisupplysolutions.com\/turkce\/wp-json\/wp\/v2\/types\/page"}],"author":[{"embeddable":true,"href":"https:\/\/logisupplysolutions.com\/turkce\/wp-json\/wp\/v2\/users\/1"}],"replies":[{"embeddable":true,"href":"https:\/\/logisupplysolutions.com\/turkce\/wp-json\/wp\/v2\/comments?post=2747"}],"version-history":[{"count":17,"href":"https:\/\/logisupplysolutions.com\/turkce\/wp-json\/wp\/v2\/pages\/2747\/revisions"}],"predecessor-version":[{"id":3104,"href":"https:\/\/logisupplysolutions.com\/turkce\/wp-json\/wp\/v2\/pages\/2747\/revisions\/3104"}],"wp:attachment":[{"href":"https:\/\/logisupplysolutions.com\/turkce\/wp-json\/wp\/v2\/media?parent=2747"}],"curies":[{"name":"wp","href":"https:\/\/api.w.org\/{rel}","templated":true}]}}