{"id":2698,"date":"2024-07-02T20:31:45","date_gmt":"2024-07-02T19:31:45","guid":{"rendered":"https:\/\/logisupplysolutions.com\/turkce\/?page_id=2698"},"modified":"2024-09-11T22:23:50","modified_gmt":"2024-09-11T21:23:50","slug":"inventory-management-and-demand-planning","status":"publish","type":"page","link":"https:\/\/logisupplysolutions.com\/turkce\/inventory-management-and-demand-planning\/","title":{"rendered":"Envanter Y\u00f6netimi ve Talep Planlama"},"content":{"rendered":"\t\t<div data-elementor-type=\"wp-page\" data-elementor-id=\"2698\" class=\"elementor elementor-2698\">\n\t\t\t\t<div class=\"elementor-element elementor-element-87c4741 e-con-full e-flex e-con e-parent\" data-id=\"87c4741\" data-element_type=\"container\">\n\t\t\t\t<div class=\"elementor-element elementor-element-a556578 elementor-widget elementor-widget-html\" data-id=\"a556578\" data-element_type=\"widget\" data-widget_type=\"html.default\">\n\t\t\t\t<div class=\"elementor-widget-container\">\n\t\t\t<div style=\"padding:56.25% 0 0 0;position:relative;\"><iframe src=\"https:\/\/player.vimeo.com\/video\/1008597596?badge=0&amp;autopause=0&amp;player_id=0&amp;app_id=58479\" frameborder=\"0\" allow=\"autoplay; fullscreen; picture-in-picture; clipboard-write\" style=\"position:absolute;top:0;left:0;width:100%;height:100%;\" title=\"Selen-envanter\"><\/iframe><\/div><script src=\"https:\/\/player.vimeo.com\/api\/player.js\"><\/script>\t\t<\/div>\n\t\t\t\t<\/div>\n\t\t\t\t<\/div>\n\t\t<div class=\"elementor-element elementor-element-2ab1bbb8 e-flex e-con-boxed e-con e-parent\" data-id=\"2ab1bbb8\" data-element_type=\"container\">\n\t\t\t\t\t<div class=\"e-con-inner\">\n\t\t\t\t<div class=\"elementor-element elementor-element-186ca95e elementor-widget elementor-widget-text-editor\" data-id=\"186ca95e\" data-element_type=\"widget\" data-widget_type=\"text-editor.default\">\n\t\t\t\t<div class=\"elementor-widget-container\">\n\t\t\t<style>\/*! elementor - v3.22.0 - 26-06-2024 *\/\n.elementor-widget-text-editor.elementor-drop-cap-view-stacked .elementor-drop-cap{background-color:#69727d;color:#fff}.elementor-widget-text-editor.elementor-drop-cap-view-framed .elementor-drop-cap{color:#69727d;border:3px solid;background-color:transparent}.elementor-widget-text-editor:not(.elementor-drop-cap-view-default) .elementor-drop-cap{margin-top:8px}.elementor-widget-text-editor:not(.elementor-drop-cap-view-default) .elementor-drop-cap-letter{width:1em;height:1em}.elementor-widget-text-editor .elementor-drop-cap{float:left;text-align:center;line-height:1;font-size:50px}.elementor-widget-text-editor .elementor-drop-cap-letter{display:inline-block}<\/style>\t\t\t\t<!-- wp:image {\"id\":2810,\"width\":\"427px\",\"height\":\"auto\",\"sizeSlug\":\"large\",\"linkDestination\":\"none\",\"align\":\"right\"} -->\n<figure class=\"wp-block-image alignright size-large is-resized\"><img fetchpriority=\"high\" decoding=\"async\" width=\"1024\" height=\"576\" class=\"wp-image-2810\" style=\"width: 427px; height: auto;\" src=\"https:\/\/logisupplysolutions.com\/turkce\/wp-content\/uploads\/2024\/07\/vlcsnap-2024-07-09-21h42m42s482-1-1024x576.jpg\" alt=\"\" srcset=\"https:\/\/logisupplysolutions.com\/turkce\/wp-content\/uploads\/2024\/07\/vlcsnap-2024-07-09-21h42m42s482-1-1024x576.jpg 1024w, https:\/\/logisupplysolutions.com\/turkce\/wp-content\/uploads\/2024\/07\/vlcsnap-2024-07-09-21h42m42s482-1-300x169.jpg 300w, https:\/\/logisupplysolutions.com\/turkce\/wp-content\/uploads\/2024\/07\/vlcsnap-2024-07-09-21h42m42s482-1-768x432.jpg 768w, https:\/\/logisupplysolutions.com\/turkce\/wp-content\/uploads\/2024\/07\/vlcsnap-2024-07-09-21h42m42s482-1-1536x864.jpg 1536w, https:\/\/logisupplysolutions.com\/turkce\/wp-content\/uploads\/2024\/07\/vlcsnap-2024-07-09-21h42m42s482-1-600x338.jpg 600w, https:\/\/logisupplysolutions.com\/turkce\/wp-content\/uploads\/2024\/07\/vlcsnap-2024-07-09-21h42m42s482-1.jpg 1920w\" sizes=\"(max-width: 1024px) 100vw, 1024px\" \/><\/figure>\n<!-- \/wp:image --><!-- wp:paragraph -->\n<p><strong>Envanter Y\u00f6netiminizi ve Talep Tahmininizi Geli\u015ftirin<\/strong><br \/>Etkili envanter y\u00f6netimi ve do\u011fru talep tahmini, rekabet\u00e7i bir piyasada \u00f6nde kalmak ve karl\u0131l\u0131\u011f\u0131 maksimize etmek i\u00e7in gereklidir. Y\u00fcksek stok tutma maliyetleri kar marjlar\u0131n\u0131 \u00f6nemli \u00f6l\u00e7\u00fcde azaltabilir.<\/p>\n<p>LogISupply Solutions&#8217;da, lojistik dan\u0131\u015fmanlar\u0131m\u0131z sat\u0131n alma, talep y\u00f6netimi ve envanter optimizasyonunda y\u0131llar\u0131n uzmanl\u0131\u011f\u0131n\u0131 getiriyor. Ekibimiz \u00e7e\u015fitli sekt\u00f6rlerde geni\u015f profesyonel deneyime sahiptir ve hem perakende hem de \u00fcretim s\u00fcre\u00e7lerinin karma\u015f\u0131kl\u0131klar\u0131n\u0131 anlamaktad\u0131r. Bu, logISupply Solutions\u2019\u0131n tedarik zinciriniz boyunca envanter seviyelerini optimize eden kan\u0131tlanm\u0131\u015f stratejileri uygulamas\u0131n\u0131 sa\u011flar. Bu yakla\u015f\u0131m, i\u015fletmenizin verimlili\u011fini ve karl\u0131l\u0131\u011f\u0131n\u0131 art\u0131r\u0131r.<\/p>\n<p><strong>Envanter Y\u00f6netimi ve Talep Tahmini Neden \u00d6nemlidir?<\/strong><br \/>Talep tahmini, i\u015fletmelerin ger\u00e7ek sat\u0131\u015flar\u0131 etkileyen fakt\u00f6rleri analiz etmesini gerektirir. Ana etkenler genellikle t\u00fcketici talebi, hedeflenen promosyonlar ve piyasa trendlerini i\u00e7erir. Bu unsurlar\u0131 anlamak, \u00fcretim ve tedarik zinciri kaynaklar\u0131nda ayarlamalar yapmay\u0131 sa\u011flar, bu da karl\u0131l\u0131\u011f\u0131 do\u011frudan etkiler. Bu yakla\u015f\u0131m\u0131n temel faydalar\u0131 \u015funlard\u0131r:<\/p>\n<ul>\n<li>Artan M\u00fc\u015fteri Memnuniyeti<\/li>\n<li>Azalt\u0131lm\u0131\u015f Envanter ve Depolama Maliyetleri<\/li>\n<li>Geli\u015ftirilmi\u015f Tedarik Zinciri Verimlili\u011fi<\/li>\n<li>Daha \u0130yi Finansal Kontrol ve Nakit Ak\u0131\u015f\u0131 Y\u00f6netimi<\/li>\n<li>Tedarik Zincirinin Sat\u0131\u015f Projeksiyonlar\u0131yla Uyumlu Hale Getirilmesi<\/li>\n<li>M\u00fc\u015fteri \u0130htiya\u00e7lar\u0131na H\u0131zl\u0131 Yan\u0131t S\u00fcreleri<\/li>\n<li>Optimize Edilmi\u015f Operasyonel Planlama<\/li>\n<\/ul>\n<p>Bu kavramlar ba\u015flang\u0131\u00e7ta karma\u015f\u0131k g\u00f6r\u00fcnebilir, ancak sonu\u00e7lar nettir. Bu stratejilerin uygulanmas\u0131, stok seviyelerinizin talebi kar\u015f\u0131lamas\u0131n\u0131 sa\u011flar ve stok fazlal\u0131\u011f\u0131 olmadan an\u0131nda ve \u00f6l\u00e7\u00fclebilir iyile\u015ftirmeler sa\u011flar.<\/p>\n<p>Bu metriklerin d\u00fczenli olarak g\u00f6zden ge\u00e7irilmesi, sat\u0131\u015f, pazarlama ve \u00fcretim gibi departmanlar aras\u0131nda sorunsuz i\u015fbirli\u011fi sa\u011flar. Bu b\u00fct\u00fcnle\u015fik yakla\u015f\u0131m, daha do\u011fru nakit ak\u0131\u015f\u0131 tahminleri ve \u00f6nemli bir rekabet avantaj\u0131 sa\u011flar.<\/p>\n<p><strong>Envanter Y\u00f6netimi ve Talep Tahmini: Kar Potansiyelini Ortaya \u00c7\u0131karma<\/strong><br \/>Her i\u015fletme plan yapar, ancak bu planlar hangi \u00f6l\u00e7\u00fcde do\u011frudur? Do\u011fru tahmin, verimli talep ve tedarik zinciri y\u00f6netimi i\u00e7in temel te\u015fkil eder. Tahminler her zaman m\u00fckemmel olmasa da, tahmin sapmalar\u0131n\u0131n maliyeti \u00f6nemli olabilir. Yetersiz tahmin, \u00fcretim ve nakliye maliyetlerinin artmas\u0131na neden olabilirken, a\u015f\u0131r\u0131 tahmin, fazla envanterin azalt\u0131lmas\u0131 ihtiyac\u0131na ve daha y\u00fcksek depolama maliyetlerine neden olabilir.<\/p>\n<p>Etkili tedarik zincirleri, minimum envanter seviyelerini korurken y\u00fcksek hizmet seviyelerini sa\u011flar. Entegre i\u015f planlamas\u0131n\u0131n baz\u0131 acil faydalar\u0131 \u015funlard\u0131r:<\/p>\n<ul>\n<li>Artan Tahmin Do\u011frulu\u011fu<\/li>\n<li>Geli\u015ftirilmi\u015f Envanter Kontrol\u00fc ve Gereksinim Planlamas\u0131<\/li>\n<li>Verimli \u00dcretim Planlamas\u0131<\/li>\n<li>Kapsaml\u0131 Kapasite Planlamas\u0131<\/li>\n<li>Ayr\u0131nt\u0131l\u0131 Talep Modeli Analizi<\/li>\n<li>Verimli \u0130\u015fg\u00fcc\u00fc Planlamas\u0131<\/li>\n<li>Koordineli Sat\u0131\u015f ve Pazarlama \u00c7abalar\u0131<\/li>\n<li>Stratejik Sat\u0131n Alma Planlamas\u0131<\/li>\n<li>Do\u011fru Finansal Planlama ve B\u00fct\u00e7eleme<\/li>\n<\/ul>\n<p>Uzun vadede, bu s\u00fcre\u00e7ler i\u015f modellemesi ve senaryo analizleri i\u00e7in g\u00fc\u00e7l\u00fc bir temel sa\u011flar.<\/p>\n<p><strong>Ba\u015far\u0131l\u0131 Envanter Y\u00f6netimi \u0130\u00e7in Ara\u00e7lar<\/strong><br \/>Bir\u00e7ok ERP sistemi talep tahmin \u00f6zellikleri i\u00e7erse de, tek ba\u015f\u0131na \u00f6nemli iyile\u015ftirmeler sa\u011flamak i\u00e7in yeterli de\u011fildir. Ba\u015far\u0131l\u0131 uygulama i\u00e7in a\u015fa\u011f\u0131dakiler gereklidir:<\/p>\n<ul>\n<li>A\u00e7\u0131k\u00e7a Tan\u0131mlanm\u0131\u015f S\u00fcre\u00e7ler<\/li>\n<li>Sorumluluklar\u0131n Net Da\u011f\u0131l\u0131m\u0131<\/li>\n<li>Ge\u00e7mi\u015f Verilere Dayal\u0131 Do\u011fru Talep Tahminleri<\/li>\n<li>Etkili Tahmin Ara\u00e7lar\u0131 ve Aray\u00fczleri<\/li>\n<li>Geli\u015fmi\u015f Sat\u0131\u015f Envanter Y\u00f6netimi<\/li>\n<li>Kapsaml\u0131 Destek ve E\u011fitim<\/li>\n<\/ul>\n<p><strong>Bizimle \u0130leti\u015fime Ge\u00e7in<\/strong><br \/>Envanter y\u00f6netimi ve talep tahmini konular\u0131nda nas\u0131l yard\u0131mc\u0131 olabilece\u011fimizi tart\u0131\u015fmak i\u00e7in +44 (0)1628 487000 numaral\u0131 telefondan bize ula\u015fabilirsiniz. Ekibimiz her boyuttaki projeler i\u00e7in haz\u0131rd\u0131r.<\/p>\n<p><strong>M\u00fc\u015fteri Faydalar\u0131<\/strong><br \/>Bir talep tahmini genellikle ge\u00e7mi\u015f verilerin istatistiksel analizini, gelecekteki b\u00fcy\u00fcme varsay\u0131mlar\u0131 ile birle\u015ftirir. logISupply Solutions&#8217;da, piyasa geli\u015fimi, promosyonlar, yeni \u00fcr\u00fcn lansmanlar\u0131, rekabet\u00e7i faaliyetler ve mevsimsel fakt\u00f6rler dahil olmak \u00fczere t\u00fcm temel g\u00f6stergeleri dikkate al\u0131yoruz. Bu s\u00fcr\u00fcc\u00fclerden sorumlu departmanlar\u0131 belirlemek ve \u015firketin hedefleriyle uyumlar\u0131n\u0131 sa\u011flamak \u00e7ok \u00f6nemlidir. logISupply Solutions bu koordinasyonu sa\u011flar, bu da an\u0131nda kar art\u0131\u015flar\u0131na yol a\u00e7ar.<\/p>\n<p><strong>Envanter Y\u00f6netimi ve Talep Tahmini ile Rekabet Avantaj\u0131 Elde Etme<\/strong><br \/>logISupply Solutions, talep tahmini ve y\u00f6netimini birka\u00e7 temel a\u015fama arac\u0131l\u0131\u011f\u0131yla d\u00fczenli operasyonlar\u0131n\u0131za entegre eder:<\/p>\n<ol>\n<li>Ge\u00e7mi\u015f verilere ve beklenen olaylara dayal\u0131 \u0130statistiksel Talep Tahminleri olu\u015fturma.<\/li>\n<li>Talep Tahminlerini G\u00f6zden Ge\u00e7irme ve Analiz etme, Tahmin Analistlerimizden geri bildirim alma.<\/li>\n<li>Tahminlerin \u015eirket Stratejisi ile Uyumlu Hale Getirilmesi ve Benimsenmesi.<\/li>\n<\/ol>\n<p>H\u0131zl\u0131 hareket eden \u00fcr\u00fcnlere ve sorunlu alanlara odaklanmak, h\u0131zl\u0131 performans iyile\u015ftirmeleri sa\u011flar. M\u00fc\u015fteri hizmet seviyelerinin, envanter y\u00f6netiminin ve kaynak planlamas\u0131n\u0131n uyumlu hale getirilmesi \u00f6nemli finansal \u00f6d\u00fcller sa\u011flar. Envanter y\u00f6netimi ve talep tahmini konusunda bir dan\u0131\u015fmanl\u0131k i\u00e7in bug\u00fcn uzmanlar\u0131m\u0131zdan biriyle ileti\u015fime ge\u00e7in.<\/p>\n<p>\u00a0<\/p>\n<!-- \/wp:paragraph -->\t\t\t\t\t\t<\/div>\n\t\t\t\t<\/div>\n\t\t\t\t\t<\/div>\n\t\t\t\t<\/div>\n\t\t\t\t<\/div>\n\t\t","protected":false},"excerpt":{"rendered":"<p>Envanter Y\u00f6netiminizi ve Talep Tahmininizi Geli\u015ftirinEtkili envanter y\u00f6netimi ve do\u011fru talep tahmini, rekabet\u00e7i bir piyasada \u00f6nde kalmak ve karl\u0131l\u0131\u011f\u0131 maksimize etmek i\u00e7in gereklidir. Y\u00fcksek stok tutma maliyetleri kar marjlar\u0131n\u0131 \u00f6nemli \u00f6l\u00e7\u00fcde azaltabilir. LogISupply Solutions&#8217;da, lojistik dan\u0131\u015fmanlar\u0131m\u0131z sat\u0131n alma, talep y\u00f6netimi ve envanter optimizasyonunda y\u0131llar\u0131n uzmanl\u0131\u011f\u0131n\u0131 getiriyor. Ekibimiz \u00e7e\u015fitli sekt\u00f6rlerde geni\u015f profesyonel deneyime sahiptir ve hem&#8230;<\/p>\n","protected":false},"author":1,"featured_media":0,"parent":0,"menu_order":0,"comment_status":"closed","ping_status":"closed","template":"elementor_theme","meta":{"_monsterinsights_skip_tracking":false,"_monsterinsights_sitenote_active":false,"_monsterinsights_sitenote_note":"","_monsterinsights_sitenote_category":0,"footnotes":""},"class_list":["post-2698","page","type-page","status-publish","hentry"],"aioseo_notices":[],"_links":{"self":[{"href":"https:\/\/logisupplysolutions.com\/turkce\/wp-json\/wp\/v2\/pages\/2698","targetHints":{"allow":["GET"]}}],"collection":[{"href":"https:\/\/logisupplysolutions.com\/turkce\/wp-json\/wp\/v2\/pages"}],"about":[{"href":"https:\/\/logisupplysolutions.com\/turkce\/wp-json\/wp\/v2\/types\/page"}],"author":[{"embeddable":true,"href":"https:\/\/logisupplysolutions.com\/turkce\/wp-json\/wp\/v2\/users\/1"}],"replies":[{"embeddable":true,"href":"https:\/\/logisupplysolutions.com\/turkce\/wp-json\/wp\/v2\/comments?post=2698"}],"version-history":[{"count":14,"href":"https:\/\/logisupplysolutions.com\/turkce\/wp-json\/wp\/v2\/pages\/2698\/revisions"}],"predecessor-version":[{"id":3107,"href":"https:\/\/logisupplysolutions.com\/turkce\/wp-json\/wp\/v2\/pages\/2698\/revisions\/3107"}],"wp:attachment":[{"href":"https:\/\/logisupplysolutions.com\/turkce\/wp-json\/wp\/v2\/media?parent=2698"}],"curies":[{"name":"wp","href":"https:\/\/api.w.org\/{rel}","templated":true}]}}