{"id":2692,"date":"2024-07-02T20:27:29","date_gmt":"2024-07-02T19:27:29","guid":{"rendered":"https:\/\/logisupplysolutions.com\/turkce\/?page_id=2692"},"modified":"2024-07-15T18:00:58","modified_gmt":"2024-07-15T17:00:58","slug":"pharmaceutical-serialization","status":"publish","type":"page","link":"https:\/\/logisupplysolutions.com\/turkce\/pharmaceutical-serialization\/","title":{"rendered":"\u0130la\u00e7 Karekodloma"},"content":{"rendered":"\t\t<div data-elementor-type=\"wp-page\" data-elementor-id=\"2692\" class=\"elementor elementor-2692\">\n\t\t\t\t<div class=\"elementor-element elementor-element-1625e877 e-flex e-con-boxed e-con e-parent\" data-id=\"1625e877\" data-element_type=\"container\">\n\t\t\t\t\t<div class=\"e-con-inner\">\n\t\t\t\t<div class=\"elementor-element elementor-element-6b7625f5 elementor-widget elementor-widget-text-editor\" data-id=\"6b7625f5\" data-element_type=\"widget\" data-widget_type=\"text-editor.default\">\n\t\t\t\t<div class=\"elementor-widget-container\">\n\t\t\t<style>\/*! elementor - v3.22.0 - 26-06-2024 *\/\n.elementor-widget-text-editor.elementor-drop-cap-view-stacked .elementor-drop-cap{background-color:#69727d;color:#fff}.elementor-widget-text-editor.elementor-drop-cap-view-framed .elementor-drop-cap{color:#69727d;border:3px solid;background-color:transparent}.elementor-widget-text-editor:not(.elementor-drop-cap-view-default) .elementor-drop-cap{margin-top:8px}.elementor-widget-text-editor:not(.elementor-drop-cap-view-default) .elementor-drop-cap-letter{width:1em;height:1em}.elementor-widget-text-editor .elementor-drop-cap{float:left;text-align:center;line-height:1;font-size:50px}.elementor-widget-text-editor .elementor-drop-cap-letter{display:inline-block}<\/style>\t\t\t\t<!-- wp:paragraph -->\n<div class=\"avatar-gutter ng-tns-c29172113-22 ng-star-inserted\">\n<h3 class=\"resize-observable\">\u0130la\u00e7 End\u00fcstrisinde G\u00fcvenlik ve Uyumu Sa\u011flama<\/h3>\n<\/div>\n<!-- \/wp:paragraph --><!-- wp:image {\"id\":2790,\"width\":\"471px\",\"height\":\"auto\",\"sizeSlug\":\"large\",\"linkDestination\":\"none\",\"align\":\"right\"} -->\n<figure class=\"wp-block-image alignright size-large is-resized\"><img fetchpriority=\"high\" decoding=\"async\" width=\"1024\" height=\"341\" class=\"wp-image-2790\" style=\"width: 471px; height: auto;\" src=\"https:\/\/logisupplysolutions.com\/turkce\/wp-content\/uploads\/2024\/07\/vlcsnap-2024-07-09-21h01m44s856-e1720555436846-1024x341.png\" alt=\"\" srcset=\"https:\/\/logisupplysolutions.com\/turkce\/wp-content\/uploads\/2024\/07\/vlcsnap-2024-07-09-21h01m44s856-e1720555436846-1024x341.png 1024w, https:\/\/logisupplysolutions.com\/turkce\/wp-content\/uploads\/2024\/07\/vlcsnap-2024-07-09-21h01m44s856-e1720555436846-300x100.png 300w, https:\/\/logisupplysolutions.com\/turkce\/wp-content\/uploads\/2024\/07\/vlcsnap-2024-07-09-21h01m44s856-e1720555436846-768x256.png 768w, https:\/\/logisupplysolutions.com\/turkce\/wp-content\/uploads\/2024\/07\/vlcsnap-2024-07-09-21h01m44s856-e1720555436846-1536x512.png 1536w, https:\/\/logisupplysolutions.com\/turkce\/wp-content\/uploads\/2024\/07\/vlcsnap-2024-07-09-21h01m44s856-e1720555436846-2048x683.png 2048w, https:\/\/logisupplysolutions.com\/turkce\/wp-content\/uploads\/2024\/07\/vlcsnap-2024-07-09-21h01m44s856-e1720555436846-600x200.png 600w\" sizes=\"(max-width: 1024px) 100vw, 1024px\" \/><\/figure>\n<!-- \/wp:image --><!-- wp:paragraph -->\n<h4>Karekodlama<\/h4>\n<p>\u0130la\u00e7 sekt\u00f6r\u00fcnde, ila\u00e7 seri numaraland\u0131rma, ila\u00e7 g\u00fcvenli\u011fini art\u0131rmay\u0131, sahtecili\u011fi durdurmay\u0131 ve d\u00fczenleyici uyumu sa\u011flamay\u0131 ama\u00e7layan kritik bir prosed\u00fcrd\u00fcr. Seri numaraland\u0131rma, her bir ilaca benzersiz bir kimlik vererek, \u00fcretimden nihai m\u00fc\u015fteriye kadar ila\u00e7 paketlerinin tam olarak izlenmesini ve takip edilmesini m\u00fcmk\u00fcn k\u0131lar.<\/p>\n<h4>Karekodlama \u00d6nemi<\/h4>\n<ul>\n<li><strong>Sahtecili\u011fe Kar\u015f\u0131 M\u00fccadele:<\/strong> Hastalar\u0131n ger\u00e7ek ve g\u00fcvenli ila\u00e7lar almalar\u0131n\u0131 sa\u011flayarak, seri numaraland\u0131rma sahte ila\u00e7lar\u0131n giderek yayg\u0131nla\u015fan sorunuyla m\u00fccadeleye katk\u0131da bulunur.<\/li>\n<li><strong>D\u00fczenleyici Uyumluluk:<\/strong> \u0130la\u00e7 tedarik zincirinin b\u00fct\u00fcnl\u00fc\u011f\u00fcn\u00fc korumak i\u00e7in, seri numaraland\u0131rma Avrupa Birli\u011fi&#8217;nde Sahte \u0130la\u00e7 Direktifi (FMD) ve Amerika Birle\u015fik Devletleri&#8217;nde \u0130la\u00e7 Tedarik Zinciri G\u00fcvenlik Yasas\u0131 (DSCSA) gibi uluslararas\u0131 mevzuatlar taraf\u0131ndan gereklidir.<\/li>\n<li><strong>Tedarik Zinciri G\u00f6r\u00fcn\u00fcrl\u00fc\u011f\u00fc:<\/strong> Artan \u00fcr\u00fcn izlenebilirli\u011fi ve g\u00f6r\u00fcn\u00fcrl\u00fc\u011f\u00fc, daha iyi envanter kontrol\u00fc, daha d\u00fc\u015f\u00fck h\u0131rs\u0131zl\u0131k oranlar\u0131 ve gerekti\u011finde daha etkili geri \u00e7a\u011f\u0131rmalara yol a\u00e7ar.<\/li>\n<li><strong>Hasta G\u00fcvenli\u011fi:<\/strong> Seri numaraland\u0131rma, tedarik zincirinin her a\u015famas\u0131nda \u00fcr\u00fcnlerin me\u015fruiyetini do\u011frulayarak hastalar\u0131 sahte ila\u00e7lar\u0131n risklerinden korur.<\/li>\n<\/ul>\n<h4>Karekodlama Nas\u0131l \u00c7al\u0131\u015f\u0131r<\/h4>\n<p>Seri numaraland\u0131rma, her bir \u00fcr\u00fcn birimine benzersiz bir seri numaras\u0131 atanmas\u0131n\u0131 i\u00e7erir. Bu numara genellikle bir 2D barkod veya QR kodda kodlan\u0131r ve \u00fcr\u00fcn kodu, parti numaras\u0131 ve son kullanma tarihi gibi bilgileri i\u00e7erir. Seri numaraland\u0131rma s\u00fcrecindeki ana ad\u0131mlar \u015funlard\u0131r:<\/p>\n<ol>\n<li style=\"list-style-type: none;\">\n<ol>\n<li><strong>Numara Olu\u015fturma:<\/strong> Her \u00fcr\u00fcn i\u00e7in benzersiz seri numaralar\u0131n\u0131n olu\u015fturulmas\u0131.<\/li>\n<li><strong>Ambalajlama ve Etiketleme:<\/strong> Ambalaj ve etiketlere karekodlar\u0131n bas\u0131lmas\u0131.<\/li>\n<li><strong>Veri Y\u00f6netimi:<\/strong> verilerinin g\u00fcvenli bir veritaban\u0131nda saklanmas\u0131, ilgili kurumlara entegrasyon ile transferi ve y\u00f6netilmesi.<\/li>\n<li><strong>Takip ve \u0130zleme:<\/strong> Karekodlanan \u00fcr\u00fcnlerin tedarik zinciri boyunca hareketlerinin izlenmesi.<\/li>\n<li><strong>Do\u011frulama:<\/strong> Tedarik zincirinin \u00e7e\u015fitli noktalar\u0131nda \u00fcr\u00fcnlerin karekodlar\u0131n\u0131n okutularak al\u0131c\u0131n\u0131n \u00fcr\u00fcnleri \u00fczerine almas\u0131.<\/li>\n<\/ol>\n<\/li>\n<\/ol>\n<h4>Kurulu\u015funuzda Kardekodlama Uygulamak<\/h4>\n<p>Seri numaraland\u0131rmay\u0131 uygulamak karma\u015f\u0131k olabilir ve sa\u011flam sistemler ve prosed\u00fcrler gerektirir. Dikkate alman\u0131z gereken temel ad\u0131mlar \u015funlard\u0131r:<\/p>\n<ol>\n<li style=\"list-style-type: none;\">\n<ol>\n<li><strong>De\u011ferlendirme ve Planlama:<\/strong> Mevcut s\u00fcre\u00e7lerinizi ve sistemlerinizi de\u011ferlendirerek seri numaraland\u0131rma ihtiya\u00e7lar\u0131n\u0131 belirleyin.<\/li>\n<li><strong>Sistem Se\u00e7imi:<\/strong> Gereksinimlerinize ve d\u00fczenleyici standartlara uygun bir seri numaraland\u0131rma sistemi se\u00e7in.<\/li>\n<li><strong>Sistem Entegrasyonu:<\/strong> Seri numaraland\u0131rma sistemlerini mevcut ERP ve tedarik zinciri y\u00f6netim sistemlerinizle entegre edin.<\/li>\n<li><strong>Do\u011frulama ve Test:<\/strong> Seri numaraland\u0131rma sisteminin do\u011fru ve uyumlu oldu\u011fundan emin olmak i\u00e7in titizlikle test edin ve do\u011frulay\u0131n.<\/li>\n<li><strong>E\u011fitim ve Destek:<\/strong> Personel i\u00e7in kapsaml\u0131 e\u011fitimler sunun ve sorunsuz uygulamay\u0131 kolayla\u015ft\u0131rmak i\u00e7in s\u00fcrekli destek sa\u011flay\u0131n. \u200b<\/li>\n<\/ol>\n<\/li>\n<\/ol>\n<ol start=\"1\"><!-- \/wp:list-item --><\/ol>\n<!-- \/wp:list -->\t\t\t\t\t\t<\/div>\n\t\t\t\t<\/div>\n\t\t\t\t\t<\/div>\n\t\t\t\t<\/div>\n\t\t\t\t<\/div>\n\t\t","protected":false},"excerpt":{"rendered":"<p>\u0130la\u00e7 End\u00fcstrisinde G\u00fcvenlik ve Uyumu Sa\u011flama Karekodlama \u0130la\u00e7 sekt\u00f6r\u00fcnde, ila\u00e7 seri numaraland\u0131rma, ila\u00e7 g\u00fcvenli\u011fini art\u0131rmay\u0131, sahtecili\u011fi durdurmay\u0131 ve d\u00fczenleyici uyumu sa\u011flamay\u0131 ama\u00e7layan kritik bir prosed\u00fcrd\u00fcr. Seri numaraland\u0131rma, her bir ilaca benzersiz bir kimlik vererek, \u00fcretimden nihai m\u00fc\u015fteriye kadar ila\u00e7 paketlerinin tam olarak izlenmesini ve takip edilmesini m\u00fcmk\u00fcn k\u0131lar. Karekodlama \u00d6nemi Sahtecili\u011fe Kar\u015f\u0131 M\u00fccadele: Hastalar\u0131n ger\u00e7ek&#8230;<\/p>\n","protected":false},"author":1,"featured_media":0,"parent":0,"menu_order":0,"comment_status":"closed","ping_status":"closed","template":"elementor_theme","meta":{"_monsterinsights_skip_tracking":false,"_monsterinsights_sitenote_active":false,"_monsterinsights_sitenote_note":"","_monsterinsights_sitenote_category":0,"footnotes":""},"class_list":["post-2692","page","type-page","status-publish","hentry"],"aioseo_notices":[],"_links":{"self":[{"href":"https:\/\/logisupplysolutions.com\/turkce\/wp-json\/wp\/v2\/pages\/2692","targetHints":{"allow":["GET"]}}],"collection":[{"href":"https:\/\/logisupplysolutions.com\/turkce\/wp-json\/wp\/v2\/pages"}],"about":[{"href":"https:\/\/logisupplysolutions.com\/turkce\/wp-json\/wp\/v2\/types\/page"}],"author":[{"embeddable":true,"href":"https:\/\/logisupplysolutions.com\/turkce\/wp-json\/wp\/v2\/users\/1"}],"replies":[{"embeddable":true,"href":"https:\/\/logisupplysolutions.com\/turkce\/wp-json\/wp\/v2\/comments?post=2692"}],"version-history":[{"count":18,"href":"https:\/\/logisupplysolutions.com\/turkce\/wp-json\/wp\/v2\/pages\/2692\/revisions"}],"predecessor-version":[{"id":2984,"href":"https:\/\/logisupplysolutions.com\/turkce\/wp-json\/wp\/v2\/pages\/2692\/revisions\/2984"}],"wp:attachment":[{"href":"https:\/\/logisupplysolutions.com\/turkce\/wp-json\/wp\/v2\/media?parent=2692"}],"curies":[{"name":"wp","href":"https:\/\/api.w.org\/{rel}","templated":true}]}}