{"id":2690,"date":"2024-07-02T20:26:22","date_gmt":"2024-07-02T19:26:22","guid":{"rendered":"https:\/\/logisupplysolutions.com\/turkce\/?page_id=2690"},"modified":"2024-07-12T22:09:53","modified_gmt":"2024-07-12T21:09:53","slug":"transport-management-and-logistics-network","status":"publish","type":"page","link":"https:\/\/logisupplysolutions.com\/turkce\/transport-management-and-logistics-network\/","title":{"rendered":"Ta\u015f\u0131ma Y\u00f6netimi ve Lojistik A\u011f\u0131"},"content":{"rendered":"\t\t<div data-elementor-type=\"wp-page\" data-elementor-id=\"2690\" class=\"elementor elementor-2690\">\n\t\t\t\t<div class=\"elementor-element elementor-element-70749d17 e-flex e-con-boxed e-con e-parent\" data-id=\"70749d17\" data-element_type=\"container\">\n\t\t\t\t\t<div class=\"e-con-inner\">\n\t\t\t\t<div class=\"elementor-element elementor-element-6c92e97a elementor-widget elementor-widget-text-editor\" data-id=\"6c92e97a\" data-element_type=\"widget\" data-widget_type=\"text-editor.default\">\n\t\t\t\t<div class=\"elementor-widget-container\">\n\t\t\t<style>\/*! elementor - v3.22.0 - 26-06-2024 *\/\n.elementor-widget-text-editor.elementor-drop-cap-view-stacked .elementor-drop-cap{background-color:#69727d;color:#fff}.elementor-widget-text-editor.elementor-drop-cap-view-framed .elementor-drop-cap{color:#69727d;border:3px solid;background-color:transparent}.elementor-widget-text-editor:not(.elementor-drop-cap-view-default) .elementor-drop-cap{margin-top:8px}.elementor-widget-text-editor:not(.elementor-drop-cap-view-default) .elementor-drop-cap-letter{width:1em;height:1em}.elementor-widget-text-editor .elementor-drop-cap{float:left;text-align:center;line-height:1;font-size:50px}.elementor-widget-text-editor .elementor-drop-cap-letter{display:inline-block}<\/style>\t\t\t\t<!-- wp:heading {\"level\":3} -->\n<h4><strong>Ta\u015f\u0131ma Y\u00f6netimi Stratejisi<\/strong><\/h4>\n<!-- \/wp:heading --><!-- wp:image {\"id\":2803,\"width\":\"423px\",\"height\":\"auto\",\"sizeSlug\":\"large\",\"linkDestination\":\"none\",\"align\":\"right\"} -->\n<figure class=\"wp-block-image alignright size-large is-resized\"><img fetchpriority=\"high\" decoding=\"async\" width=\"1024\" height=\"576\" class=\"wp-image-2803\" style=\"width: 423px; height: auto;\" src=\"https:\/\/logisupplysolutions.com\/turkce\/wp-content\/uploads\/2024\/07\/transport-1024x576.jpg\" alt=\"\" srcset=\"https:\/\/logisupplysolutions.com\/turkce\/wp-content\/uploads\/2024\/07\/transport-1024x576.jpg 1024w, https:\/\/logisupplysolutions.com\/turkce\/wp-content\/uploads\/2024\/07\/transport-300x169.jpg 300w, https:\/\/logisupplysolutions.com\/turkce\/wp-content\/uploads\/2024\/07\/transport-768x432.jpg 768w, https:\/\/logisupplysolutions.com\/turkce\/wp-content\/uploads\/2024\/07\/transport-1536x864.jpg 1536w, https:\/\/logisupplysolutions.com\/turkce\/wp-content\/uploads\/2024\/07\/transport-600x338.jpg 600w, https:\/\/logisupplysolutions.com\/turkce\/wp-content\/uploads\/2024\/07\/transport.jpg 1920w\" sizes=\"(max-width: 1024px) 100vw, 1024px\" \/><\/figure>\n<!-- \/wp:image --><!-- wp:list -->\n<ul><!-- wp:list-item -->\n<li>\n<ul>\n<li>De\u011fi\u015fime Uyum: Yeni pazarlar, \u00fcr\u00fcnler ve tedarik i\u00e7in kritik \u00f6nem ta\u015f\u0131r.<\/li>\n<li>D\u0131\u015f Kaynak Kullan\u0131m\u0131: Performans ve maliyet azaltma i\u00e7in 3PL veya 4PL \u00e7\u00f6z\u00fcmlerini de\u011ferlendirme.<\/li>\n<li>IT Sistemleri De\u011ferlendirilmesi: Uygun TMS (Transport Management System) sistemlerinin se\u00e7imi, dizayn\u0131 ve implemente edilmesi.<\/li>\n<\/ul>\n<p><strong>Ta\u015f\u0131ma A\u011f\u0131 Optimizasyonu<\/strong><\/p>\n<ul>\n<li>Da\u011f\u0131t\u0131m A\u011f\u0131 Tasar\u0131m\u0131: Ulusal veya b\u00f6lgesel da\u011f\u0131t\u0131m a\u011f\u0131 tasar\u0131m \u00e7\u00f6z\u00fcmlerinin olu\u015fturulmas\u0131.<\/li>\n<li>Planlama Etkisi: \u0130yile\u015ftirilmi\u015f planlaman\u0131n, mod de\u011fi\u015fikliklerinin, g\u00fczergah de\u011fi\u015fikliklerinin veya altyap\u0131 rasyonalizasyonunun etkilerini de\u011ferlendirme.<\/li>\n<li>Ara\u00e7lar\u0131n Verimli Kullan\u0131m Analizi: Ara\u00e7 kullan\u0131m\u0131n\u0131 ve y\u00fck dolum verimlili\u011fini art\u0131rma.<\/li>\n<li>Senaryo Modelleme: Toplam maliyet kar\u015f\u0131la\u015ft\u0131rmalar\u0131 ve senaryo modellemesi yapma.<\/li>\n<\/ul>\n<p><strong>Nakliye Tedarik\u00e7i Se\u00e7imi<\/strong><\/p>\n<ul>\n<li>Teklif Y\u00f6netimi: Yerel karayolu ta\u015f\u0131mac\u0131l\u0131\u011f\u0131ndan k\u00fcresel ta\u015f\u0131mac\u0131l\u0131k ve lojistik hizmetlerine kadar teklifleri y\u00f6netme.<\/li>\n<li>Tedarik\u00e7i Se\u00e7imi: Uygun tedarik\u00e7ileri RFI arac\u0131l\u0131\u011f\u0131yla se\u00e7me ve resmi RFQ tekliflerini yap\u0131land\u0131rma.<\/li>\n<li>Teklif Analizi: En uygun \u00e7\u00f6z\u00fcm\u00fc sa\u011flamak i\u00e7in teklif yan\u0131tlar\u0131n\u0131 detayl\u0131 analiz etme.<\/li>\n<li>S\u00f6zle\u015fme Deste\u011fi: S\u00f6zle\u015fme ve hizmet seviyesi anla\u015fmas\u0131 deste\u011fi sa\u011flama.<\/li>\n<\/ul>\n<p><strong>Proje Y\u00f6netimi ve Uygulama<\/strong><\/p>\n<ul>\n<li>Operasyonel De\u011fi\u015fim Deste\u011fi: Operasyonel de\u011fi\u015fiklikler i\u00e7in proje y\u00f6netimi deste\u011fi sa\u011flama.<\/li>\n<li>IT Gereksinimleri: TMS gibi IT ihtiya\u00e7lar\u0131n\u0131 destekleme.<\/li>\n<li>De\u011fi\u015fim Y\u00f6netimi: De\u011fi\u015fim y\u00f6netimi i\u00e7in planlama.<\/li>\n<li>Tasarruf \u00d6l\u00e7\u00fcm\u00fc: Elde edilen tasarruflar\u0131 de\u011ferlendirme.<\/li>\n<li>S\u00fcrekli Dan\u0131\u015fmanl\u0131k: Ta\u015f\u0131ma d\u00fczenlemeleri hakk\u0131nda s\u00fcrekli dan\u0131\u015fmanl\u0131k sa\u011flama.<\/li>\n<li>Ge\u00e7ici Destek: Ge\u00e7ici ta\u015f\u0131ma y\u00f6netimi deste\u011fi sa\u011flama.<\/li>\n<\/ul>\n<\/li>\n<\/ul>\n<ul><!-- \/wp:list-item --><\/ul>\n<!-- \/wp:list -->\t\t\t\t\t\t<\/div>\n\t\t\t\t<\/div>\n\t\t\t\t\t<\/div>\n\t\t\t\t<\/div>\n\t\t\t\t<\/div>\n\t\t","protected":false},"excerpt":{"rendered":"<p>Ta\u015f\u0131ma Y\u00f6netimi Stratejisi<\/p>\n","protected":false},"author":1,"featured_media":0,"parent":0,"menu_order":0,"comment_status":"closed","ping_status":"closed","template":"elementor_theme","meta":{"_monsterinsights_skip_tracking":false,"_monsterinsights_sitenote_active":false,"_monsterinsights_sitenote_note":"","_monsterinsights_sitenote_category":0,"footnotes":""},"class_list":["post-2690","page","type-page","status-publish","hentry"],"aioseo_notices":[],"_links":{"self":[{"href":"https:\/\/logisupplysolutions.com\/turkce\/wp-json\/wp\/v2\/pages\/2690","targetHints":{"allow":["GET"]}}],"collection":[{"href":"https:\/\/logisupplysolutions.com\/turkce\/wp-json\/wp\/v2\/pages"}],"about":[{"href":"https:\/\/logisupplysolutions.com\/turkce\/wp-json\/wp\/v2\/types\/page"}],"author":[{"embeddable":true,"href":"https:\/\/logisupplysolutions.com\/turkce\/wp-json\/wp\/v2\/users\/1"}],"replies":[{"embeddable":true,"href":"https:\/\/logisupplysolutions.com\/turkce\/wp-json\/wp\/v2\/comments?post=2690"}],"version-history":[{"count":15,"href":"https:\/\/logisupplysolutions.com\/turkce\/wp-json\/wp\/v2\/pages\/2690\/revisions"}],"predecessor-version":[{"id":2957,"href":"https:\/\/logisupplysolutions.com\/turkce\/wp-json\/wp\/v2\/pages\/2690\/revisions\/2957"}],"wp:attachment":[{"href":"https:\/\/logisupplysolutions.com\/turkce\/wp-json\/wp\/v2\/media?parent=2690"}],"curies":[{"name":"wp","href":"https:\/\/api.w.org\/{rel}","templated":true}]}}