{"id":2688,"date":"2024-07-02T20:25:48","date_gmt":"2024-07-02T19:25:48","guid":{"rendered":"https:\/\/logisupplysolutions.com\/turkce\/?page_id=2688"},"modified":"2024-09-11T22:18:55","modified_gmt":"2024-09-11T21:18:55","slug":"3pl-and-4pl-outsourcing","status":"publish","type":"page","link":"https:\/\/logisupplysolutions.com\/turkce\/3pl-and-4pl-outsourcing\/","title":{"rendered":"3PL ve 4PL Tedarik\u00e7i Se\u00e7imi"},"content":{"rendered":"\t\t<div data-elementor-type=\"wp-page\" data-elementor-id=\"2688\" class=\"elementor elementor-2688\">\n\t\t\t\t<div class=\"elementor-element elementor-element-2bc92bf e-flex e-con-boxed e-con e-parent\" data-id=\"2bc92bf\" data-element_type=\"container\">\n\t\t\t\t\t<div class=\"e-con-inner\">\n\t\t\t\t<div class=\"elementor-element elementor-element-0823451 elementor-widget__width-initial elementor-widget elementor-widget-html\" data-id=\"0823451\" data-element_type=\"widget\" data-widget_type=\"html.default\">\n\t\t\t\t<div class=\"elementor-widget-container\">\n\t\t\t<div style=\"padding:56.25% 0 0 0;position:relative;\"><iframe src=\"https:\/\/player.vimeo.com\/video\/1008596975?badge=0&amp;autopause=0&amp;player_id=0&amp;app_id=58479\" frameborder=\"0\" allow=\"autoplay; fullscreen; picture-in-picture; clipboard-write\" style=\"position:absolute;top:0;left:0;width:100%;height:100%;\" title=\"Idil-3pl\"><\/iframe><\/div><script src=\"https:\/\/player.vimeo.com\/api\/player.js\"><\/script>\t\t<\/div>\n\t\t\t\t<\/div>\n\t\t\t\t\t<\/div>\n\t\t\t\t<\/div>\n\t\t<div class=\"elementor-element elementor-element-55b29a e-flex e-con-boxed e-con e-parent\" data-id=\"55b29a\" data-element_type=\"container\">\n\t\t\t\t\t<div class=\"e-con-inner\">\n\t\t\t\t<div class=\"elementor-element elementor-element-6d338880 elementor-widget elementor-widget-text-editor\" data-id=\"6d338880\" data-element_type=\"widget\" data-widget_type=\"text-editor.default\">\n\t\t\t\t<div class=\"elementor-widget-container\">\n\t\t\t<style>\/*! elementor - v3.22.0 - 26-06-2024 *\/\n.elementor-widget-text-editor.elementor-drop-cap-view-stacked .elementor-drop-cap{background-color:#69727d;color:#fff}.elementor-widget-text-editor.elementor-drop-cap-view-framed .elementor-drop-cap{color:#69727d;border:3px solid;background-color:transparent}.elementor-widget-text-editor:not(.elementor-drop-cap-view-default) .elementor-drop-cap{margin-top:8px}.elementor-widget-text-editor:not(.elementor-drop-cap-view-default) .elementor-drop-cap-letter{width:1em;height:1em}.elementor-widget-text-editor .elementor-drop-cap{float:left;text-align:center;line-height:1;font-size:50px}.elementor-widget-text-editor .elementor-drop-cap-letter{display:inline-block}<\/style>\t\t\t\t<!-- wp:paragraph -->\n<p>3PL ve 4PL tedarik\u00e7i se\u00e7imi, \u00fc\u00e7\u00fcnc\u00fc ve d\u00f6rd\u00fcnc\u00fc parti lojistik hizmetlerin s\u00f6zle\u015fmeli olarak sa\u011flanmas\u0131n\u0131 ifade eder. 3PL, \u00fc\u00e7\u00fcnc\u00fc parti lojistik hizmetlerin kullan\u0131lmas\u0131n\u0131, 4PL ise d\u00f6rd\u00fcnc\u00fc parti lojistik hizmetlerini ifade eder. 3PL ve 4PL sa\u011flay\u0131c\u0131lar\u0131n\u0131n veya \u00e7e\u015fitli tedarik zinciri fonksiyonlar\u0131n\u0131n d\u0131\u015f kaynak kullan\u0131m\u0131n\u0131n temel avantaj\u0131, \u015firketin ana g\u00fc\u00e7l\u00fc y\u00f6nlerine odaklanmas\u0131na olanak tan\u0131makt\u0131r. 3PL hizmetleri genellikle depolama ve ta\u015f\u0131mac\u0131l\u0131\u011f\u0131 y\u00f6neten entegre hizmet sa\u011flay\u0131c\u0131lar\u0131n\u0131 i\u00e7erir. Bu durumda, \u00fc\u00e7\u00fcnc\u00fc taraf, \u015firket ad\u0131na baz\u0131 veya t\u00fcm lojistik fonksiyonlar\u0131n sorumlulu\u011funu \u00fcstlenir. 4PL hizmetleri bir ad\u0131m \u00f6teye giderek t\u00fcm lojistik fonksiyonlar\u0131n\u0131 bir uzmana devreder, bu uzman baz\u0131 veya t\u00fcm g\u00f6revleri alt y\u00fcklenici olarak verebilir. Bu, envanter, sipari\u015fler ve nakliye gibi kritik alanlar\u0131n i\u00e7 depo y\u00f6netim sistemleri arac\u0131l\u0131\u011f\u0131yla y\u00f6netilmesini i\u00e7erir.<\/p>\n<h4>Sunulan Temel Hizmetler:<\/h4>\n<ul>\n<li>Zaman Tasarrufu: Geni\u015f sekt\u00f6r deneyimimiz, d\u0131\u015f kaynak y\u00f6netim s\u00fcrecini kolayla\u015ft\u0131r\u0131r.<\/li>\n<li>\u0130\u015f Oda\u011f\u0131n\u0131n \u0130yile\u015ftirilmesi: D\u0131\u015f kaynak kullan\u0131m\u0131, temel yetkinliklere odaklanman\u0131za olanak tan\u0131r.<\/li>\n<li>\u0130hale Y\u00f6netimi ve Strateji Belirlenmesi: \u0130htiya\u00e7lar\u0131 belirlemenize, potansiyel i\u015fbirlik\u00e7ileri tan\u0131mlama ve s\u00fcreci y\u00f6netme de dan\u0131\u015fmanl\u0131k.<\/li>\n<li>\u0130hale Proseslerinin belirlenmesi, dok\u00fcmante edilmesi, RFI, RFQ s\u00fcre\u00e7lerinin y\u00f6netilmesi.<\/li>\n<li>G\u00f6r\u00fcn\u00fcr Sonu\u00e7lar: Teklifleri yap\u0131land\u0131rmada, tedarik y\u00f6netiminde ve s\u00f6zle\u015fme m\u00fczakerelerinde dan\u0131\u015fmanl\u0131k.<\/li>\n<li>K\u00e2rl\u0131l\u0131\u011f\u0131n Art\u0131r\u0131lmas\u0131: Etkili 3PL ve 4PL s\u00f6zle\u015fmeleri, k\u00e2r iyile\u015ftirmelerine yol a\u00e7ar. Sonu\u00e7lar\u0131n analiz edilerek, karl\u0131l\u0131k oranlar\u0131n\u0131n raporlanmas\u0131.<\/li>\n<li>Sekt\u00f6rel Uzmanl\u0131k: 15 y\u0131ldan fazla deneyime sahip logISupply dan\u0131\u015fmanlar\u0131, ba\u015far\u0131l\u0131 d\u0131\u015f kaynak s\u00f6zle\u015fmeleri sa\u011flayarak istenen sonu\u00e7lar\u0131 sunar.<\/li>\n<\/ul>\n<ul><!-- \/wp:list-item --><\/ul>\n<!-- \/wp:list -->\t\t\t\t\t\t<\/div>\n\t\t\t\t<\/div>\n\t\t\t\t\t<\/div>\n\t\t\t\t<\/div>\n\t\t\t\t<\/div>\n\t\t","protected":false},"excerpt":{"rendered":"<p>3PL ve 4PL tedarik\u00e7i se\u00e7imi, \u00fc\u00e7\u00fcnc\u00fc ve d\u00f6rd\u00fcnc\u00fc parti lojistik hizmetlerin s\u00f6zle\u015fmeli olarak sa\u011flanmas\u0131n\u0131 ifade eder. 3PL, \u00fc\u00e7\u00fcnc\u00fc parti lojistik hizmetlerin kullan\u0131lmas\u0131n\u0131, 4PL ise d\u00f6rd\u00fcnc\u00fc parti lojistik hizmetlerini ifade eder. 3PL ve 4PL sa\u011flay\u0131c\u0131lar\u0131n\u0131n veya \u00e7e\u015fitli tedarik zinciri fonksiyonlar\u0131n\u0131n d\u0131\u015f kaynak kullan\u0131m\u0131n\u0131n temel avantaj\u0131, \u015firketin ana g\u00fc\u00e7l\u00fc y\u00f6nlerine odaklanmas\u0131na olanak tan\u0131makt\u0131r. 3PL hizmetleri genellikle depolama&#8230;<\/p>\n","protected":false},"author":1,"featured_media":2810,"parent":0,"menu_order":0,"comment_status":"closed","ping_status":"closed","template":"elementor_theme","meta":{"_monsterinsights_skip_tracking":false,"_monsterinsights_sitenote_active":false,"_monsterinsights_sitenote_note":"","_monsterinsights_sitenote_category":0,"footnotes":""},"class_list":["post-2688","page","type-page","status-publish","has-post-thumbnail","hentry"],"aioseo_notices":[],"_links":{"self":[{"href":"https:\/\/logisupplysolutions.com\/turkce\/wp-json\/wp\/v2\/pages\/2688","targetHints":{"allow":["GET"]}}],"collection":[{"href":"https:\/\/logisupplysolutions.com\/turkce\/wp-json\/wp\/v2\/pages"}],"about":[{"href":"https:\/\/logisupplysolutions.com\/turkce\/wp-json\/wp\/v2\/types\/page"}],"author":[{"embeddable":true,"href":"https:\/\/logisupplysolutions.com\/turkce\/wp-json\/wp\/v2\/users\/1"}],"replies":[{"embeddable":true,"href":"https:\/\/logisupplysolutions.com\/turkce\/wp-json\/wp\/v2\/comments?post=2688"}],"version-history":[{"count":17,"href":"https:\/\/logisupplysolutions.com\/turkce\/wp-json\/wp\/v2\/pages\/2688\/revisions"}],"predecessor-version":[{"id":3098,"href":"https:\/\/logisupplysolutions.com\/turkce\/wp-json\/wp\/v2\/pages\/2688\/revisions\/3098"}],"wp:featuredmedia":[{"embeddable":true,"href":"https:\/\/logisupplysolutions.com\/turkce\/wp-json\/wp\/v2\/media\/2810"}],"wp:attachment":[{"href":"https:\/\/logisupplysolutions.com\/turkce\/wp-json\/wp\/v2\/media?parent=2688"}],"curies":[{"name":"wp","href":"https:\/\/api.w.org\/{rel}","templated":true}]}}