{"id":2686,"date":"2024-07-02T20:25:10","date_gmt":"2024-07-02T19:25:10","guid":{"rendered":"https:\/\/logisupplysolutions.com\/turkce\/?page_id=2686"},"modified":"2024-07-12T22:33:37","modified_gmt":"2024-07-12T21:33:37","slug":"warehouse-design-and-layouts","status":"publish","type":"page","link":"https:\/\/logisupplysolutions.com\/turkce\/warehouse-design-and-layouts\/","title":{"rendered":"Depo Tasar\u0131m\u0131 ve D\u00fczenlemeleri"},"content":{"rendered":"\t\t<div data-elementor-type=\"wp-page\" data-elementor-id=\"2686\" class=\"elementor elementor-2686\">\n\t\t\t\t<div class=\"elementor-element elementor-element-68a4f2b6 e-flex e-con-boxed e-con e-parent\" data-id=\"68a4f2b6\" data-element_type=\"container\">\n\t\t\t\t\t<div class=\"e-con-inner\">\n\t\t\t\t<div class=\"elementor-element elementor-element-20606be1 elementor-widget elementor-widget-text-editor\" data-id=\"20606be1\" data-element_type=\"widget\" data-widget_type=\"text-editor.default\">\n\t\t\t\t<div class=\"elementor-widget-container\">\n\t\t\t<style>\/*! elementor - v3.22.0 - 26-06-2024 *\/\n.elementor-widget-text-editor.elementor-drop-cap-view-stacked .elementor-drop-cap{background-color:#69727d;color:#fff}.elementor-widget-text-editor.elementor-drop-cap-view-framed .elementor-drop-cap{color:#69727d;border:3px solid;background-color:transparent}.elementor-widget-text-editor:not(.elementor-drop-cap-view-default) .elementor-drop-cap{margin-top:8px}.elementor-widget-text-editor:not(.elementor-drop-cap-view-default) .elementor-drop-cap-letter{width:1em;height:1em}.elementor-widget-text-editor .elementor-drop-cap{float:left;text-align:center;line-height:1;font-size:50px}.elementor-widget-text-editor .elementor-drop-cap-letter{display:inline-block}<\/style>\t\t\t\t<!-- wp:image {\"id\":2806,\"width\":\"414px\",\"height\":\"auto\",\"sizeSlug\":\"large\",\"linkDestination\":\"none\",\"align\":\"right\"} -->\n<figure class=\"wp-block-image alignright size-large is-resized\"><img fetchpriority=\"high\" decoding=\"async\" width=\"1024\" height=\"576\" class=\"wp-image-2806\" style=\"width: 414px; height: auto;\" src=\"https:\/\/logisupplysolutions.com\/turkce\/wp-content\/uploads\/2024\/07\/vlcsnap-2024-07-09-21h40m47s661-1024x576.jpg\" alt=\"\" srcset=\"https:\/\/logisupplysolutions.com\/turkce\/wp-content\/uploads\/2024\/07\/vlcsnap-2024-07-09-21h40m47s661-1024x576.jpg 1024w, https:\/\/logisupplysolutions.com\/turkce\/wp-content\/uploads\/2024\/07\/vlcsnap-2024-07-09-21h40m47s661-300x169.jpg 300w, https:\/\/logisupplysolutions.com\/turkce\/wp-content\/uploads\/2024\/07\/vlcsnap-2024-07-09-21h40m47s661-768x432.jpg 768w, https:\/\/logisupplysolutions.com\/turkce\/wp-content\/uploads\/2024\/07\/vlcsnap-2024-07-09-21h40m47s661-1536x864.jpg 1536w, https:\/\/logisupplysolutions.com\/turkce\/wp-content\/uploads\/2024\/07\/vlcsnap-2024-07-09-21h40m47s661-600x338.jpg 600w, https:\/\/logisupplysolutions.com\/turkce\/wp-content\/uploads\/2024\/07\/vlcsnap-2024-07-09-21h40m47s661.jpg 1920w\" sizes=\"(max-width: 1024px) 100vw, 1024px\" \/><\/figure>\n<!-- \/wp:image --><!-- wp:paragraph -->\n<p>Ekibimiz, performans\u0131n\u0131z\u0131 ve k\u00e2rl\u0131l\u0131\u011f\u0131n\u0131z\u0131 art\u0131rmaya odaklanm\u0131\u015ft\u0131r. logISupply dan\u0131\u015fmanlar\u0131, objektif olarak \u00fc\u00e7\u00fcnc\u00fc parti \u00e7mz\u00fcmleri sunar. Depo y\u00f6netim sistemleri ve operasyonlar\u0131nda uzman ekibimizle depo layout dizayn ve tasar\u0131m\u0131nda kapsaml\u0131 hizmetler sunuyoruz. Raf d\u00fczeninizi ve palet raf tesislerinizi optimize ederek alan\u0131 maksimize edebilir ve tedarik zincirinizi h\u0131zl\u0131, \u00f6l\u00e7\u00fclebilir iyile\u015ftirmeler i\u00e7in d\u00fczenleyebiliriz. Verimli depo d\u00fczeni, alan kullan\u0131m\u0131 ve da\u011f\u0131t\u0131m merkezi operasyonlar\u0131, \u015firketinizin k\u00e2rl\u0131l\u0131\u011f\u0131 i\u00e7in kritik \u00f6neme sahiptir.<\/p>\n<p>Ekibimiz, yeni depo alanlar\u0131n\u0131 belirler ve geli\u015ftirir, zemin ve dikey alan\u0131 maksimize ederken, optimum trafik ak\u0131\u015f\u0131n\u0131 sa\u011flayarak en y\u00fcksek performans i\u00e7in \u00e7al\u0131\u015f\u0131r. logISupply, hem geleneksel hem de otomatik depolar\u0131n tasar\u0131m\u0131nda yard\u0131mc\u0131 olur. Alan, ekipman ve i\u015f g\u00fcc\u00fc ile ilgili maliyetleri azaltmaya odaklan\u0131p, verimlili\u011fi art\u0131ran \u00e7\u00f6z\u00fcm \u00f6nerileri sa\u011flar. Mevcut operasyonlar\u0131, i\u015f hacmi ve stok profillerindeki de\u011fi\u015fiklikleri kar\u015f\u0131layacak \u015fekilde analiz edip, tasarl\u0131yoruz. Sipari\u015f s\u00fcre\u00e7lerini optimize edip, verimlili\u011fini art\u0131racak ve maliyetleri d\u00fc\u015f\u00fcrecek \u00f6neriler sunuyoruz.<\/p>\n<h4>Proje Y\u00f6netimi Faydalar\u0131:<\/h4>\n<ul>\n<li>Etkili i\u015f programlama ve \u00f6nemli performans iyile\u015ftirmelerine yol a\u00e7ar.<\/li>\n<li>B\u00fct\u00e7e kontrol\u00fc k\u00e2rl\u0131l\u0131\u011f\u0131 art\u0131r\u0131r.<\/li>\n<li>M\u00fcteahhit faaliyetlerinin koordinasyonu israf\u0131 en aza indirir.<\/li>\n<li>Uygulama deste\u011fi, i\u015fe al\u0131m, e\u011fitim ve yard\u0131m dahil olmak \u00fczere, daha d\u00fc\u015f\u00fck maliyetle daha iyi sonu\u00e7lar sa\u011flar.<\/li>\n<\/ul>\n<ul><!-- \/wp:list-item --><\/ul>\n<!-- \/wp:list -->\t\t\t\t\t\t<\/div>\n\t\t\t\t<\/div>\n\t\t\t\t\t<\/div>\n\t\t\t\t<\/div>\n\t\t\t\t<\/div>\n\t\t","protected":false},"excerpt":{"rendered":"<p>Ekibimiz, performans\u0131n\u0131z\u0131 ve k\u00e2rl\u0131l\u0131\u011f\u0131n\u0131z\u0131 art\u0131rmaya odaklanm\u0131\u015ft\u0131r. logISupply dan\u0131\u015fmanlar\u0131, objektif olarak \u00fc\u00e7\u00fcnc\u00fc parti \u00e7mz\u00fcmleri sunar. Depo y\u00f6netim sistemleri ve operasyonlar\u0131nda uzman ekibimizle depo layout dizayn ve tasar\u0131m\u0131nda kapsaml\u0131 hizmetler sunuyoruz. Raf d\u00fczeninizi ve palet raf tesislerinizi optimize ederek alan\u0131 maksimize edebilir ve tedarik zincirinizi h\u0131zl\u0131, \u00f6l\u00e7\u00fclebilir iyile\u015ftirmeler i\u00e7in d\u00fczenleyebiliriz. Verimli depo d\u00fczeni, alan kullan\u0131m\u0131 ve da\u011f\u0131t\u0131m&#8230;<\/p>\n","protected":false},"author":1,"featured_media":0,"parent":0,"menu_order":0,"comment_status":"closed","ping_status":"closed","template":"elementor_theme","meta":{"_monsterinsights_skip_tracking":false,"_monsterinsights_sitenote_active":false,"_monsterinsights_sitenote_note":"","_monsterinsights_sitenote_category":0,"footnotes":""},"class_list":["post-2686","page","type-page","status-publish","hentry"],"aioseo_notices":[],"_links":{"self":[{"href":"https:\/\/logisupplysolutions.com\/turkce\/wp-json\/wp\/v2\/pages\/2686","targetHints":{"allow":["GET"]}}],"collection":[{"href":"https:\/\/logisupplysolutions.com\/turkce\/wp-json\/wp\/v2\/pages"}],"about":[{"href":"https:\/\/logisupplysolutions.com\/turkce\/wp-json\/wp\/v2\/types\/page"}],"author":[{"embeddable":true,"href":"https:\/\/logisupplysolutions.com\/turkce\/wp-json\/wp\/v2\/users\/1"}],"replies":[{"embeddable":true,"href":"https:\/\/logisupplysolutions.com\/turkce\/wp-json\/wp\/v2\/comments?post=2686"}],"version-history":[{"count":12,"href":"https:\/\/logisupplysolutions.com\/turkce\/wp-json\/wp\/v2\/pages\/2686\/revisions"}],"predecessor-version":[{"id":2948,"href":"https:\/\/logisupplysolutions.com\/turkce\/wp-json\/wp\/v2\/pages\/2686\/revisions\/2948"}],"wp:attachment":[{"href":"https:\/\/logisupplysolutions.com\/turkce\/wp-json\/wp\/v2\/media?parent=2686"}],"curies":[{"name":"wp","href":"https:\/\/api.w.org\/{rel}","templated":true}]}}